{"id":1767,"date":"2018-08-10T15:42:08","date_gmt":"2018-08-10T15:42:08","guid":{"rendered":"http:\/\/megashopmedellin.com\/sitio\/?page_id=1767"},"modified":"2018-08-10T15:42:08","modified_gmt":"2018-08-10T15:42:08","slug":"solicite-presupuesto-online","status":"publish","type":"page","link":"https:\/\/megashopmedellin.com\/sitio\/solicite-presupuesto-online\/","title":{"rendered":"Solicite Presupuesto Online"},"content":{"rendered":"<div class=\"wpb-content-wrapper\">[vc_row][vc_column]<script type=\"text\/javascript\">\n\/* <![CDATA[ *\/\nvar gform;gform||(document.addEventListener(\"gform_main_scripts_loaded\",function(){gform.scriptsLoaded=!0}),document.addEventListener(\"gform\/theme\/scripts_loaded\",function(){gform.themeScriptsLoaded=!0}),window.addEventListener(\"DOMContentLoaded\",function(){gform.domLoaded=!0}),gform={domLoaded:!1,scriptsLoaded:!1,themeScriptsLoaded:!1,isFormEditor:()=>\"function\"==typeof InitializeEditor,callIfLoaded:function(o){return!(!gform.domLoaded||!gform.scriptsLoaded||!gform.themeScriptsLoaded&&!gform.isFormEditor()||(gform.isFormEditor()&&console.warn(\"The use of gform.initializeOnLoaded() is deprecated in the form editor context and will be removed in Gravity Forms 3.1.\"),o(),0))},initializeOnLoaded:function(o){gform.callIfLoaded(o)||(document.addEventListener(\"gform_main_scripts_loaded\",()=>{gform.scriptsLoaded=!0,gform.callIfLoaded(o)}),document.addEventListener(\"gform\/theme\/scripts_loaded\",()=>{gform.themeScriptsLoaded=!0,gform.callIfLoaded(o)}),window.addEventListener(\"DOMContentLoaded\",()=>{gform.domLoaded=!0,gform.callIfLoaded(o)}))},hooks:{action:{},filter:{}},addAction:function(o,r,e,t){gform.addHook(\"action\",o,r,e,t)},addFilter:function(o,r,e,t){gform.addHook(\"filter\",o,r,e,t)},doAction:function(o){gform.doHook(\"action\",o,arguments)},applyFilters:function(o){return gform.doHook(\"filter\",o,arguments)},removeAction:function(o,r){gform.removeHook(\"action\",o,r)},removeFilter:function(o,r,e){gform.removeHook(\"filter\",o,r,e)},addHook:function(o,r,e,t,n){null==gform.hooks[o][r]&&(gform.hooks[o][r]=[]);var d=gform.hooks[o][r];null==n&&(n=r+\"_\"+d.length),gform.hooks[o][r].push({tag:n,callable:e,priority:t=null==t?10:t})},doHook:function(r,o,e){var t;if(e=Array.prototype.slice.call(e,1),null!=gform.hooks[r][o]&&((o=gform.hooks[r][o]).sort(function(o,r){return o.priority-r.priority}),o.forEach(function(o){\"function\"!=typeof(t=o.callable)&&(t=window[t]),\"action\"==r?t.apply(null,e):e[0]=t.apply(null,e)})),\"filter\"==r)return e[0]},removeHook:function(o,r,t,n){var e;null!=gform.hooks[o][r]&&(e=(e=gform.hooks[o][r]).filter(function(o,r,e){return!!(null!=n&&n!=o.tag||null!=t&&t!=o.priority)}),gform.hooks[o][r]=e)}});\n\/* ]]> *\/\n<\/script>\n\n                <div class='gf_browser_gecko gform_wrapper gform_legacy_markup_wrapper gform-theme--no-framework' data-form-theme='legacy' data-form-index='0' id='gform_wrapper_1' >\n                        <div class='gform_heading'>\n                            <h3 class=\"gform_title\">Solicitud de Presupuesto en l\u00ednea<\/h3>\n                        <\/div><form method='post' enctype='multipart\/form-data'  id='gform_1'  action='\/sitio\/wp-json\/wp\/v2\/pages\/1767' data-formid='1' novalidate>\n                        <div class='gform-body gform_body'><ul id='gform_fields_1' class='gform_fields left_label form_sublabel_below description_below validation_below'><li id=\"field_1_4\" class=\"gfield gfield--type-name gfield_contains_required field_sublabel_below gfield--no-description field_description_below field_validation_below gfield_visibility_visible\"  ><label class='gfield_label gform-field-label gfield_label_before_complex' >Nombre<span class=\"gfield_required\"><span class=\"gfield_required gfield_required_asterisk\">*<\/span><\/span><\/label><div class='ginput_complex ginput_container ginput_container--name no_prefix has_first_name no_middle_name has_last_name no_suffix gf_name_has_2 ginput_container_name gform-grid-row' id='input_1_4'>\n                            \n                            <span id='input_1_4_3_container' class='name_first gform-grid-col gform-grid-col--size-auto' >\n                                                    <input type='text' name='input_4.3' id='input_1_4_3' value=''   aria-required='true'     \/>\n                                                    <label for='input_1_4_3' class='gform-field-label gform-field-label--type-sub '>Nombre<\/label>\n                                                <\/span>\n                            \n                            <span id='input_1_4_6_container' class='name_last gform-grid-col gform-grid-col--size-auto' >\n                                                    <input type='text' name='input_4.6' id='input_1_4_6' value=''   aria-required='true'     \/>\n                                                    <label for='input_1_4_6' class='gform-field-label gform-field-label--type-sub '>Apellidos<\/label>\n                                                <\/span>\n                            \n                        <\/div><\/li><li id=\"field_1_5\" class=\"gfield gfield--type-phone field_sublabel_below gfield--no-description field_description_below field_validation_below gfield_visibility_visible\"  ><label class='gfield_label gform-field-label' for='input_1_5'>Tel\u00e9fono Fijo<\/label><div class='ginput_container ginput_container_phone'><input name='input_5' id='input_1_5' type='tel' value='' class='medium'    aria-invalid=\"false\"   \/><\/div><\/li><li id=\"field_1_7\" class=\"gfield gfield--type-phone gfield_contains_required field_sublabel_below gfield--no-description field_description_below field_validation_below gfield_visibility_visible\"  ><label class='gfield_label gform-field-label' for='input_1_7'>Celular<span class=\"gfield_required\"><span class=\"gfield_required gfield_required_asterisk\">*<\/span><\/span><\/label><div class='ginput_container ginput_container_phone'><input name='input_7' id='input_1_7' type='tel' value='' class='medium'   aria-required=\"true\" aria-invalid=\"false\"   \/><\/div><\/li><li id=\"field_1_6\" class=\"gfield gfield--type-email gfield_contains_required field_sublabel_below gfield--no-description field_description_below field_validation_below gfield_visibility_visible\"  ><label class='gfield_label gform-field-label' for='input_1_6'>Email<span class=\"gfield_required\"><span class=\"gfield_required gfield_required_asterisk\">*<\/span><\/span><\/label><div class='ginput_container ginput_container_email'>\n                            <input name='input_6' id='input_1_6' type='email' value='' class='medium'    aria-required=\"true\" aria-invalid=\"false\"  \/>\n                        <\/div><\/li><li id=\"field_1_8\" class=\"gfield gfield--type-select gfield_contains_required field_sublabel_below gfield--no-description field_description_below field_validation_below gfield_visibility_visible\"  ><label class='gfield_label gform-field-label' for='input_1_8'>Producto a Personalizar<span class=\"gfield_required\"><span class=\"gfield_required gfield_required_asterisk\">*<\/span><\/span><\/label><div class='ginput_container ginput_container_select'><select name='input_8' id='input_1_8' class='medium gfield_select'    aria-required=\"true\" aria-invalid=\"false\" ><option value='Camisetas' >Camisetas<\/option><option value='Chompa, buso con capucha' >Chompa, buso con capucha<\/option><option value='Camisetas de manga larga' >Camisetas de manga larga<\/option><option value='Camisetas polo' >Camisetas polo<\/option><option value='Pantalones y pantalones cortos' >Pantalones y pantalones cortos<\/option><option value='Ropa interior' >Ropa interior<\/option><option value='Ropa de beb\u00e9' >Ropa de beb\u00e9<\/option><option value='Accesorios para Celebrar y Regalar' >Accesorios para Celebrar y Regalar<\/option><option value='Gorras y Gorros' >Gorras y Gorros<\/option><option value='Bolsas y Sombrillas' >Bolsas y Sombrillas<\/option><option value='Fundas de Cojin' >Fundas de Cojin<\/option><option value='Tazas y Accesorios' >Tazas y Accesorios<\/option><option value='Delantales' >Delantales<\/option><option value='Otros' >Otros<\/option><\/select><\/div><\/li><li id=\"field_1_12\" class=\"gfield gfield--type-html gfield_html gfield_html_formatted gfield_no_follows_desc field_sublabel_below gfield--no-description field_description_below field_validation_below gfield_visibility_visible\"  ><BR>\nPARA PRENDAS TEXTILES, INDICAR CARACTER\u00cdSTICAS DE LAS MISMAS<\/li><li id=\"field_1_16\" class=\"gfield gfield--type-select field_sublabel_below gfield--no-description field_description_below field_validation_below gfield_visibility_visible\"  ><label class='gfield_label gform-field-label' for='input_1_16'>Color<\/label><div class='ginput_container ginput_container_select'><select name='input_16' id='input_1_16' class='medium gfield_select'     aria-invalid=\"false\" ><option value='' ><\/option><option value='Blanco' >Blanco<\/option><option value='Negro' >Negro<\/option><option value='Gris' >Gris<\/option><option value='Azul' >Azul<\/option><option value='Rojo' >Rojo<\/option><option value='Rosado' >Rosado<\/option><option value='Amarillo' >Amarillo<\/option><option value='Naranja' >Naranja<\/option><option value='Violeta' >Violeta<\/option><option value='Marron' >Marron<\/option><option value='Verde' >Verde<\/option><option value='Cyan' >Cyan<\/option><\/select><\/div><\/li><li id=\"field_1_17\" class=\"gfield gfield--type-select field_sublabel_below gfield--no-description field_description_below field_validation_below gfield_visibility_visible\"  ><label class='gfield_label gform-field-label' for='input_1_17'>Talla<\/label><div class='ginput_container ginput_container_select'><select name='input_17' id='input_1_17' class='medium gfield_select'     aria-invalid=\"false\" ><option value='' ><\/option><option value='P' >P<\/option><option value='S' >S<\/option><option value='M' >M<\/option><option value='L' >L<\/option><option value='XL' >XL<\/option><option value='XXL' >XXL<\/option><option value='3XL' >3XL<\/option><\/select><\/div><\/li><li id=\"field_1_15\" class=\"gfield gfield--type-checkbox gfield--type-choice field_sublabel_below gfield--no-description field_description_below field_validation_below gfield_visibility_visible\"  ><label class='gfield_label gform-field-label gfield_label_before_complex' >Posici\u00f3n del Estampado<\/label><div class='ginput_container ginput_container_checkbox'><ul class='gfield_checkbox' id='input_1_15'><li class='gchoice gchoice_1_15_1'>\n\t\t\t\t\t\t\t\t<input class='gfield-choice-input' name='input_15.1' type='checkbox'  value='Manga Derecha'  id='choice_1_15_1'   \/>\n\t\t\t\t\t\t\t\t<label for='choice_1_15_1' id='label_1_15_1' class='gform-field-label gform-field-label--type-inline'>Manga Derecha<\/label>\n\t\t\t\t\t\t\t<\/li><li class='gchoice gchoice_1_15_2'>\n\t\t\t\t\t\t\t\t<input class='gfield-choice-input' name='input_15.2' type='checkbox'  value='Manga Izquierda'  id='choice_1_15_2'   \/>\n\t\t\t\t\t\t\t\t<label for='choice_1_15_2' id='label_1_15_2' class='gform-field-label gform-field-label--type-inline'>Manga Izquierda<\/label>\n\t\t\t\t\t\t\t<\/li><li class='gchoice gchoice_1_15_3'>\n\t\t\t\t\t\t\t\t<input class='gfield-choice-input' name='input_15.3' type='checkbox'  value='Pecho'  id='choice_1_15_3'   \/>\n\t\t\t\t\t\t\t\t<label for='choice_1_15_3' id='label_1_15_3' class='gform-field-label gform-field-label--type-inline'>Pecho<\/label>\n\t\t\t\t\t\t\t<\/li><li class='gchoice gchoice_1_15_4'>\n\t\t\t\t\t\t\t\t<input class='gfield-choice-input' name='input_15.4' type='checkbox'  value='Frente'  id='choice_1_15_4'   \/>\n\t\t\t\t\t\t\t\t<label for='choice_1_15_4' id='label_1_15_4' class='gform-field-label gform-field-label--type-inline'>Frente<\/label>\n\t\t\t\t\t\t\t<\/li><li class='gchoice gchoice_1_15_5'>\n\t\t\t\t\t\t\t\t<input class='gfield-choice-input' name='input_15.5' type='checkbox'  value='Espalda'  id='choice_1_15_5'   \/>\n\t\t\t\t\t\t\t\t<label for='choice_1_15_5' id='label_1_15_5' class='gform-field-label gform-field-label--type-inline'>Espalda<\/label>\n\t\t\t\t\t\t\t<\/li><\/ul><\/div><\/li><li id=\"field_1_10\" class=\"gfield gfield--type-text gfield_contains_required field_sublabel_below gfield--no-description field_description_below field_validation_below gfield_visibility_visible\"  ><label class='gfield_label gform-field-label' for='input_1_10'>Cantidad<span class=\"gfield_required\"><span class=\"gfield_required gfield_required_asterisk\">*<\/span><\/span><\/label><div class='ginput_container ginput_container_text'><input name='input_10' id='input_1_10' type='text' value='' class='small'     aria-required=\"true\" aria-invalid=\"false\"   \/><\/div><\/li><li id=\"field_1_14\" class=\"gfield gfield--type-fileupload field_sublabel_below gfield--has-description field_description_below field_validation_below gfield_visibility_visible\"  ><label class='gfield_label gform-field-label' for='input_1_14'>Imagen a Estampar<\/label><div class='ginput_container ginput_container_fileupload'><input type='hidden' name='MAX_FILE_SIZE' value='5242880' \/><input name='input_14' id='input_1_14' type='file' class='medium' aria-describedby=\"gfield_upload_rules_1_14 gfield_description_1_14\" onchange='javascript:gformValidateFileSize( this, 5242880 );'  \/><span class='gfield_description gform_fileupload_rules' id='gfield_upload_rules_1_14'>Tipos de archivos aceptados: jpg, gif, png, pdf, Tama\u00f1o m\u00e1ximo de archivo: 5 MB.<\/span><div class='gfield_description validation_message gfield_validation_message validation_message--hidden-on-empty' id='live_validation_message_1_14'><\/div><\/div><div class='gfield_description' id='gfield_description_1_14'>Tama\u00f1o m\u00e1ximo de arhivo 5MB<\/div><\/li><li id=\"field_1_18\" class=\"gfield gfield--type-honeypot gform_validation_container field_sublabel_below gfield--has-description field_description_below field_validation_below gfield_visibility_visible\"  ><label class='gfield_label gform-field-label' for='input_1_18'>Phone<\/label><div class='ginput_container'><input name='input_18' id='input_1_18' type='text' value='' autocomplete='new-password'\/><\/div><div class='gfield_description' id='gfield_description_1_18'>Este campo es un campo de validaci\u00f3n y debe quedar sin cambios.<\/div><\/li><\/ul><\/div>\n        <div class='gform-footer gform_footer left_label'> <input type='submit' id='gform_submit_button_1' class='gform_button button' onclick='gform.submission.handleButtonClick(this);' data-submission-type='submit' value='Enviar Solicitud'  \/> \n            <input type='hidden' class='gform_hidden' name='gform_submission_method' data-js='gform_submission_method_1' value='postback' \/>\n            <input type='hidden' class='gform_hidden' name='gform_theme' data-js='gform_theme_1' id='gform_theme_1' value='legacy' \/>\n            <input type='hidden' class='gform_hidden' name='gform_style_settings' data-js='gform_style_settings_1' id='gform_style_settings_1' value='[]' \/>\n            <input type='hidden' class='gform_hidden' name='is_submit_1' value='1' \/>\n            <input type='hidden' class='gform_hidden' name='gform_submit' value='1' \/>\n            \n            <input type='hidden' class='gform_hidden' name='gform_unique_id' value='' \/>\n            <input type='hidden' class='gform_hidden' name='state_1' value='WyJbXSIsIjZlNWE3ODQ5YjNmZTlmMGVhYjdjZWQ4NzZjYWNiYTgzIl0=' \/>\n            <input type='hidden' autocomplete='off' class='gform_hidden' name='gform_target_page_number_1' id='gform_target_page_number_1' value='0' \/>\n            <input type='hidden' autocomplete='off' class='gform_hidden' name='gform_source_page_number_1' id='gform_source_page_number_1' value='1' \/>\n            <input type='hidden' name='gform_field_values' value='' \/>\n            \n        <\/div>\n                        <\/form>\n                        <\/div><script type=\"text\/javascript\">\n\/* <![CDATA[ *\/\n gform.initializeOnLoaded( function() {gformInitSpinner( 1, 'https:\/\/megashopmedellin.com\/sitio\/wp-content\/plugins\/gravityforms\/images\/spinner.svg', true );jQuery('#gform_ajax_frame_1').on('load',function(){var contents = jQuery(this).contents().find('*').html();var is_postback = contents.indexOf('GF_AJAX_POSTBACK') >= 0;if(!is_postback){return;}var form_content = jQuery(this).contents().find('#gform_wrapper_1');var is_confirmation = jQuery(this).contents().find('#gform_confirmation_wrapper_1').length > 0;var is_redirect = contents.indexOf('gformRedirect(){') >= 0;var is_form = form_content.length > 0 && ! is_redirect && ! is_confirmation;var mt = parseInt(jQuery('html').css('margin-top'), 10) + parseInt(jQuery('body').css('margin-top'), 10) + 100;if(is_form){jQuery('#gform_wrapper_1').html(form_content.html());if(form_content.hasClass('gform_validation_error')){jQuery('#gform_wrapper_1').addClass('gform_validation_error');} else {jQuery('#gform_wrapper_1').removeClass('gform_validation_error');}setTimeout( function() { \/* delay the scroll by 50 milliseconds to fix a bug in chrome *\/  }, 50 );if(window['gformInitDatepicker']) {gformInitDatepicker();}if(window['gformInitPriceFields']) {gformInitPriceFields();}var current_page = jQuery('#gform_source_page_number_1').val();gformInitSpinner( 1, 'https:\/\/megashopmedellin.com\/sitio\/wp-content\/plugins\/gravityforms\/images\/spinner.svg', true );jQuery(document).trigger('gform_page_loaded', [1, current_page]);window['gf_submitting_1'] = false;}else if(!is_redirect){var confirmation_content = jQuery(this).contents().find('.GF_AJAX_POSTBACK').html();if(!confirmation_content){confirmation_content = contents;}jQuery('#gform_wrapper_1').replaceWith(confirmation_content);jQuery(document).trigger('gform_confirmation_loaded', [1]);window['gf_submitting_1'] = false;wp.a11y.speak(jQuery('#gform_confirmation_message_1').text());}else{jQuery('#gform_1').append(contents);if(window['gformRedirect']) {gformRedirect();}}jQuery(document).trigger(\"gform_pre_post_render\", [{ formId: \"1\", currentPage: \"current_page\", abort: function() { this.preventDefault(); } }]);                if (event && event.defaultPrevented) {                return;         }        const gformWrapperDiv = document.getElementById( \"gform_wrapper_1\" );        if ( gformWrapperDiv ) {            const visibilitySpan = document.createElement( \"span\" );            visibilitySpan.id = \"gform_visibility_test_1\";            gformWrapperDiv.insertAdjacentElement( \"afterend\", visibilitySpan );        }        const visibilityTestDiv = document.getElementById( \"gform_visibility_test_1\" );        let postRenderFired = false;                function triggerPostRender() {            if ( postRenderFired ) {                return;            }            postRenderFired = true;            gform.core.triggerPostRenderEvents( 1, current_page );            if ( visibilityTestDiv ) {                visibilityTestDiv.parentNode.removeChild( visibilityTestDiv );            }        }        function debounce( func, wait, immediate ) {            var timeout;            return function() {                var context = this, args = arguments;                var later = function() {                    timeout = null;                    if ( !immediate ) func.apply( context, args );                };                var callNow = immediate && !timeout;                clearTimeout( timeout );                timeout = setTimeout( later, wait );                if ( callNow ) func.apply( context, args );            };        }        const debouncedTriggerPostRender = debounce( function() {            triggerPostRender();        }, 200 );        if ( visibilityTestDiv && visibilityTestDiv.offsetParent === null ) {            const observer = new MutationObserver( ( mutations ) => {                mutations.forEach( ( mutation ) => {                    if ( mutation.type === 'attributes' && visibilityTestDiv.offsetParent !== null ) {                        debouncedTriggerPostRender();                        observer.disconnect();                    }                });            });            observer.observe( document.body, {                attributes: true,                childList: false,                subtree: true,                attributeFilter: [ 'style', 'class' ],            });        } else {            triggerPostRender();        }    } );} ); \n\/* ]]> *\/\n<\/script>\n[\/vc_column][\/vc_row]\n<\/div>","protected":false},"excerpt":{"rendered":"<p>[vc_row][vc_column][\/vc_column][\/vc_row]<\/p>\n","protected":false},"author":1,"featured_media":0,"parent":0,"menu_order":0,"comment_status":"closed","ping_status":"closed","template":"","meta":{"footnotes":""},"class_list":["post-1767","page","type-page","status-publish","hentry"],"yoast_head":"<!-- This site is optimized with the Yoast SEO Premium plugin v18.0 (Yoast SEO v25.1) - https:\/\/yoast.com\/wordpress\/plugins\/seo\/ -->\n<title>Solicite Presupuesto Online - MegaShop Medell\u00edn<\/title>\n<meta name=\"robots\" content=\"index, follow, max-snippet:-1, max-image-preview:large, max-video-preview:-1\" \/>\n<link rel=\"canonical\" href=\"https:\/\/megashopmedellin.com\/sitio\/solicite-presupuesto-online\/\" \/>\n<meta property=\"og:locale\" content=\"es_ES\" \/>\n<meta property=\"og:type\" content=\"article\" \/>\n<meta property=\"og:title\" content=\"Solicite Presupuesto Online\" \/>\n<meta property=\"og:description\" content=\"[vc_row][vc_column][\/vc_column][\/vc_row]\" \/>\n<meta property=\"og:url\" content=\"https:\/\/megashopmedellin.com\/sitio\/solicite-presupuesto-online\/\" \/>\n<meta property=\"og:site_name\" content=\"MegaShop Medell\u00edn\" \/>\n<meta name=\"twitter:card\" content=\"summary_large_image\" \/>\n<script type=\"application\/ld+json\" class=\"yoast-schema-graph\">{\"@context\":\"https:\/\/schema.org\",\"@graph\":[{\"@type\":\"WebPage\",\"@id\":\"https:\/\/megashopmedellin.com\/sitio\/solicite-presupuesto-online\/\",\"url\":\"https:\/\/megashopmedellin.com\/sitio\/solicite-presupuesto-online\/\",\"name\":\"Solicite Presupuesto Online - MegaShop Medell\u00edn\",\"isPartOf\":{\"@id\":\"https:\/\/megashopmedellin.com\/sitio\/#website\"},\"datePublished\":\"2018-08-10T15:42:08+00:00\",\"breadcrumb\":{\"@id\":\"https:\/\/megashopmedellin.com\/sitio\/solicite-presupuesto-online\/#breadcrumb\"},\"inLanguage\":\"es\",\"potentialAction\":[{\"@type\":\"ReadAction\",\"target\":[\"https:\/\/megashopmedellin.com\/sitio\/solicite-presupuesto-online\/\"]}]},{\"@type\":\"BreadcrumbList\",\"@id\":\"https:\/\/megashopmedellin.com\/sitio\/solicite-presupuesto-online\/#breadcrumb\",\"itemListElement\":[{\"@type\":\"ListItem\",\"position\":1,\"name\":\"Portada\",\"item\":\"https:\/\/megashopmedellin.com\/sitio\/\"},{\"@type\":\"ListItem\",\"position\":2,\"name\":\"Solicite Presupuesto Online\"}]},{\"@type\":\"WebSite\",\"@id\":\"https:\/\/megashopmedellin.com\/sitio\/#website\",\"url\":\"https:\/\/megashopmedellin.com\/sitio\/\",\"name\":\"MegaShop Medell\u00edn\",\"description\":\"marquillas, etiquetas, estampados en medellin, transfer en medellin, sublimaci\u00f3n en medell\u00edn, busos para prom en medellin, chaquetas para prom en medellin, dotaciones empresariales medellin, chaquetas beisboleras medellin, estampaci\u00f3n textil, plastisol, vestidos, camisetas, gorras, banderas\",\"potentialAction\":[{\"@type\":\"SearchAction\",\"target\":{\"@type\":\"EntryPoint\",\"urlTemplate\":\"https:\/\/megashopmedellin.com\/sitio\/?s={search_term_string}\"},\"query-input\":{\"@type\":\"PropertyValueSpecification\",\"valueRequired\":true,\"valueName\":\"search_term_string\"}}],\"inLanguage\":\"es\"}]}<\/script>\n<!-- \/ Yoast SEO Premium plugin. -->","yoast_head_json":{"title":"Solicite Presupuesto Online - MegaShop Medell\u00edn","robots":{"index":"index","follow":"follow","max-snippet":"max-snippet:-1","max-image-preview":"max-image-preview:large","max-video-preview":"max-video-preview:-1"},"canonical":"https:\/\/megashopmedellin.com\/sitio\/solicite-presupuesto-online\/","og_locale":"es_ES","og_type":"article","og_title":"Solicite Presupuesto Online","og_description":"[vc_row][vc_column][\/vc_column][\/vc_row]","og_url":"https:\/\/megashopmedellin.com\/sitio\/solicite-presupuesto-online\/","og_site_name":"MegaShop Medell\u00edn","twitter_card":"summary_large_image","schema":{"@context":"https:\/\/schema.org","@graph":[{"@type":"WebPage","@id":"https:\/\/megashopmedellin.com\/sitio\/solicite-presupuesto-online\/","url":"https:\/\/megashopmedellin.com\/sitio\/solicite-presupuesto-online\/","name":"Solicite Presupuesto Online - MegaShop Medell\u00edn","isPartOf":{"@id":"https:\/\/megashopmedellin.com\/sitio\/#website"},"datePublished":"2018-08-10T15:42:08+00:00","breadcrumb":{"@id":"https:\/\/megashopmedellin.com\/sitio\/solicite-presupuesto-online\/#breadcrumb"},"inLanguage":"es","potentialAction":[{"@type":"ReadAction","target":["https:\/\/megashopmedellin.com\/sitio\/solicite-presupuesto-online\/"]}]},{"@type":"BreadcrumbList","@id":"https:\/\/megashopmedellin.com\/sitio\/solicite-presupuesto-online\/#breadcrumb","itemListElement":[{"@type":"ListItem","position":1,"name":"Portada","item":"https:\/\/megashopmedellin.com\/sitio\/"},{"@type":"ListItem","position":2,"name":"Solicite Presupuesto Online"}]},{"@type":"WebSite","@id":"https:\/\/megashopmedellin.com\/sitio\/#website","url":"https:\/\/megashopmedellin.com\/sitio\/","name":"MegaShop Medell\u00edn","description":"marquillas, etiquetas, estampados en medellin, transfer en medellin, sublimaci\u00f3n en medell\u00edn, busos para prom en medellin, chaquetas para prom en medellin, dotaciones empresariales medellin, chaquetas beisboleras medellin, estampaci\u00f3n textil, plastisol, vestidos, camisetas, gorras, banderas","potentialAction":[{"@type":"SearchAction","target":{"@type":"EntryPoint","urlTemplate":"https:\/\/megashopmedellin.com\/sitio\/?s={search_term_string}"},"query-input":{"@type":"PropertyValueSpecification","valueRequired":true,"valueName":"search_term_string"}}],"inLanguage":"es"}]}},"_links":{"self":[{"href":"https:\/\/megashopmedellin.com\/sitio\/wp-json\/wp\/v2\/pages\/1767","targetHints":{"allow":["GET"]}}],"collection":[{"href":"https:\/\/megashopmedellin.com\/sitio\/wp-json\/wp\/v2\/pages"}],"about":[{"href":"https:\/\/megashopmedellin.com\/sitio\/wp-json\/wp\/v2\/types\/page"}],"author":[{"embeddable":true,"href":"https:\/\/megashopmedellin.com\/sitio\/wp-json\/wp\/v2\/users\/1"}],"replies":[{"embeddable":true,"href":"https:\/\/megashopmedellin.com\/sitio\/wp-json\/wp\/v2\/comments?post=1767"}],"version-history":[{"count":1,"href":"https:\/\/megashopmedellin.com\/sitio\/wp-json\/wp\/v2\/pages\/1767\/revisions"}],"predecessor-version":[{"id":1769,"href":"https:\/\/megashopmedellin.com\/sitio\/wp-json\/wp\/v2\/pages\/1767\/revisions\/1769"}],"wp:attachment":[{"href":"https:\/\/megashopmedellin.com\/sitio\/wp-json\/wp\/v2\/media?parent=1767"}],"curies":[{"name":"wp","href":"https:\/\/api.w.org\/{rel}","templated":true}]}}