{"id":2204,"date":"2018-08-19T12:41:19","date_gmt":"2018-08-19T12:41:19","guid":{"rendered":"http:\/\/megashopmedellin.com\/sitio\/bordados-copy\/"},"modified":"2018-08-22T22:25:20","modified_gmt":"2018-08-22T22:25:20","slug":"diseno-grafico-publiciad-medellin","status":"publish","type":"page","link":"https:\/\/megashopmedellin.com\/sitio\/diseno-grafico-publiciad-medellin\/","title":{"rendered":"Dise\u00f1o Gr\u00e1fico Digital"},"content":{"rendered":"<div class=\"wpb-content-wrapper\">[vc_row col_overlay=\u00bbrgba(13,18,81,0.3)\u00bb css=\u00bb.vc_custom_1534708010554{padding-top: 20% !important;padding-bottom: 15% !important;background-image: url(http:\/\/megashopmedellin.com\/sitio\/wp-content\/uploads\/2018\/08\/adult-1986108_1920-1.jpg?id=2206) !important;background-position: center !important;background-repeat: no-repeat !important;background-size: cover !important;}\u00bb][vc_column][vc_custom_heading text=\u00bbDise\u00f1o Gr\u00e1fico Digital\u00bb font_container=\u00bbtag:h2|font_size:72px|text_align:center|color:%23ffffff|line_height:85px\u00bb use_theme_fonts=\u00bbyes\u00bb][vc_custom_heading text=\u00bbCreamos dise\u00f1os que le dan potencia tu negocio\u00bb font_container=\u00bbtag:p|font_size:18|text_align:center|color:%23ffffff\u00bb use_theme_fonts=\u00bbyes\u00bb][\/vc_column][\/vc_row][vc_row][vc_column][vc_empty_space][\/vc_column][\/vc_row][vc_row][vc_column][vc_column_text]\n<p style=\"text-align: center;\"><span style=\"color: #3366ff; font-size: 18pt;\">Nuestra meta es crear para ti im\u00e1genes corporativas que reflejan el alma de tu negocio. Trasladamos tus ventajas competitivas a cada uno de nuestros dise\u00f1os, por que creemos que eres \u00fanico y nos esmeramos en agrandar el valor de tu marca.<\/span><\/p>\n[\/vc_column_text][\/vc_column][\/vc_row][vc_row][vc_column][vc_empty_space][vc_custom_heading text=\u00bbDise\u00f1o Gr\u00e1fico en Medell\u00edn para toda Colombia\u00bb font_container=\u00bbtag:h2|text_align:center|color:%23ff5900&#8243; use_theme_fonts=\u00bbyes\u00bb][vc_separator style=\u00bbsolid\u00bb color=\u00bb#ff5900&#8243;][vc_empty_space][vc_row_inner][vc_column_inner width=\u00bb1\/2&#8243;][vc_column_text]\n<p style=\"text-align: justify;\"><span style=\"color: #333333; font-size: 12pt;\">En <span style=\"color: #ff5900;\"><strong>Megashop Integrla Designs<\/strong><\/span> somos especialistas en la creaci\u00f3n de logos e im\u00e1genes corporativas frescas, fieles a tu filosof\u00eda y que permitan a su empresa diferenciarse de la competencia en todos los sentidos. Asimismo, con el dise\u00f1o corporativo consigues fortalecer una imagen de responsabilidad y profesionalismo que genere confianza en tus clientes.<\/span><\/p>\n<p style=\"text-align: justify;\"><span style=\"color: #333333; font-size: 12pt;\"><strong>\u00bfQuieres ser reconocido en tu localidad y m\u00e1s all\u00e1 de las fronteras?<\/strong> <\/span><\/p>\n<p style=\"text-align: justify;\"><span style=\"color: #333333; font-size: 12pt;\">Podemos ayudarte a conseguir este objetivo de forma f\u00e1cil y r\u00e1pida, debido a que el dise\u00f1o gr\u00e1fico es una herramienta efectiva para potencial una marca y construir el branding de tu empresa.<\/span><\/p>\n<p style=\"text-align: justify;\"><span style=\"color: #333333; font-size: 12pt;\">Nos encargamos de crear las tarjetas, redes sociales, etc&#8230;<\/span><\/p>\n[\/vc_column_text][\/vc_column_inner][vc_column_inner width=\u00bb1\/2&#8243;][vc_single_image image=\u00bb2209&#8243; img_size=\u00bbfull\u00bb][\/vc_column_inner][\/vc_row_inner][\/vc_column][\/vc_row][vc_row css=\u00bb.vc_custom_1532720978583{padding-top: 5% !important;}\u00bb][vc_column][vc_empty_space][vc_custom_heading text=\u00bbDise\u00f1o Publicitario para su empresa o negocio\u00bb font_container=\u00bbtag:h2|text_align:center|color:%23ff5900&#8243; use_theme_fonts=\u00bbyes\u00bb][vc_separator style=\u00bbsolid\u00bb color=\u00bb#ff5900&#8243;][vc_empty_space][vc_row_inner][vc_column_inner width=\u00bb1\/2&#8243;][vc_single_image image=\u00bb2211&#8243; img_size=\u00bbfull\u00bb][\/vc_column_inner][vc_column_inner width=\u00bb1\/2&#8243;][vc_column_text]\n<p style=\"text-align: justify;\"><span style=\"color: #333333; font-size: 12pt;\">Nuestro grupo de expertos posee un alto nivel creativo para dar el toque comercial preciso a tus carteles, banners y piezas comerciales. Analizamos cada proyecto de manera personalizada, para conseguir crear las piezas que m\u00e1s te convengan y que sea un producto \u00fanico y original.<\/span><\/p>\n<p style=\"text-align: justify;\"><span style=\"color: #333333; font-size: 12pt;\">Como sabemos que el dise\u00f1o publicitario est\u00e1 guiado por las tendencias y la moda, el equipo de profesionales se mantiene actualizado de aspectos como los gustos y preferencias del p\u00fablico, estilos, nuevas herramientas y materiales, que ayuden a presentar un producto de una forma m\u00e1s atractiva para que sea aceptado por una gran cantidad de consumidores.<\/span><\/p>\n[\/vc_column_text][\/vc_column_inner][\/vc_row_inner][\/vc_column][\/vc_row][vc_row css=\u00bb.vc_custom_1532720978583{padding-top: 5% !important;}\u00bb][vc_column][vc_empty_space][vc_custom_heading text=\u00bbDise\u00f1o Editorial\u00bb font_container=\u00bbtag:h2|text_align:center|color:%23ff5900&#8243; use_theme_fonts=\u00bbyes\u00bb][vc_separator style=\u00bbsolid\u00bb color=\u00bb#ff5900&#8243;][vc_empty_space][\/vc_column][\/vc_row][vc_row][vc_column width=\u00bb1\/2&#8243;][vc_column_text]\n<p style=\"text-align: justify;\"><span style=\"font-size: 12pt; color: #333333;\">Reconocemos la importancia del Dise\u00f1o editorial dentro del dise\u00f1o gr\u00e1fico, es por ello, que nos mantenemos a la vanguardia con todo lo relacionado a la maquetaci\u00f3n de revistas digitales o f\u00edsicas, libros, folletos, entre otros productos.<\/span><\/p>\n<p style=\"text-align: justify;\"><span style=\"font-size: 12pt; color: #ff5900;\"><span style=\"color: #333333;\">En<\/span> <strong>MegaShop Integral Designs<\/strong> <span style=\"color: #333333;\">dejas en nuestras manos tu proyecto y nosotros nos encargamos de realizar las gr\u00e1ficas internas y externas de los textos, manteniendo la armon\u00eda entre el texto, la diagramaci\u00f3n y la imagen. Adem\u00e1s, de que cuidamos el eje est\u00e9tico que caracteriza a cada publicaci\u00f3n.<\/span><\/span><\/p>\n<p style=\"text-align: justify;\"><span style=\"font-size: 12pt; color: #333333;\">Garantizamos que recibir\u00e1s un proyecto exclusivo, de gran calidad y con alto valor est\u00e9tico para lograr captar la atenci\u00f3n de tu publico. Asimismo, que el dise\u00f1o exprese un claro mensaje en su contenido, a fin de conseguir una mejor comercializaci\u00f3n en su publicaci\u00f3n.<\/span><\/p>\n[\/vc_column_text][\/vc_column][vc_column width=\u00bb1\/2&#8243;][vc_single_image image=\u00bb2212&#8243; img_size=\u00bbfull\u00bb][\/vc_column][\/vc_row][vc_row][vc_column][vc_empty_space][\/vc_column][\/vc_row]\n<\/div>","protected":false},"excerpt":{"rendered":"<p>[vc_row col_overlay=\u00bbrgba(13,18,81,0.3)\u00bb css=\u00bb.vc_custom_1534708010554{padding-top: 20% !important;padding-bottom: 15% !important;background-image: url(http:\/\/megashopmedellin.com\/sitio\/wp-content\/uploads\/2018\/08\/adult-1986108_1920-1.jpg?id=2206) !important;background-position: center !important;background-repeat: no-repeat !important;background-size: cover !important;}\u00bb][vc_column][vc_custom_heading text=\u00bbDise\u00f1o Gr\u00e1fico Digital\u00bb font_container=\u00bbtag:h2|font_size:72px|text_align:center|color:%23ffffff|line_height:85px\u00bb use_theme_fonts=\u00bbyes\u00bb][vc_custom_heading text=\u00bbCreamos dise\u00f1os que le dan potencia tu negocio\u00bb font_container=\u00bbtag:p|font_size:18|text_align:center|color:%23ffffff\u00bb use_theme_fonts=\u00bbyes\u00bb][\/vc_column][\/vc_row][vc_row][vc_column][vc_empty_space][\/vc_column][\/vc_row][vc_row][vc_column][vc_column_text]&#8230;<\/p>\n","protected":false},"author":1,"featured_media":0,"parent":0,"menu_order":0,"comment_status":"closed","ping_status":"closed","template":"page-full.php","meta":{"footnotes":""},"class_list":["post-2204","page","type-page","status-publish","hentry"],"yoast_head":"<!-- This site is optimized with the Yoast SEO Premium plugin v18.0 (Yoast SEO v25.1) - https:\/\/yoast.com\/wordpress\/plugins\/seo\/ -->\n<title>Dise\u00f1o Gr\u00e1fico Digital - MegaShop Medell\u00edn<\/title>\n<meta name=\"robots\" content=\"index, follow, max-snippet:-1, max-image-preview:large, max-video-preview:-1\" \/>\n<link rel=\"canonical\" href=\"https:\/\/megashopmedellin.com\/sitio\/diseno-grafico-publiciad-medellin\/\" \/>\n<meta property=\"og:locale\" content=\"es_ES\" \/>\n<meta property=\"og:type\" content=\"article\" \/>\n<meta property=\"og:title\" content=\"Dise\u00f1o Gr\u00e1fico Digital\" \/>\n<meta property=\"og:description\" content=\"[vc_row col_overlay=\u00bbrgba(13,18,81,0.3)\u00bb css=\u00bb.vc_custom_1534708010554{padding-top: 20% !important;padding-bottom: 15% !important;background-image: url(http:\/\/megashopmedellin.com\/sitio\/wp-content\/uploads\/2018\/08\/adult-1986108_1920-1.jpg?id=2206) !important;background-position: center !important;background-repeat: no-repeat !important;background-size: cover !important;}\u00bb][vc_column][vc_custom_heading text=\u00bbDise\u00f1o Gr\u00e1fico Digital\u00bb font_container=\u00bbtag:h2|font_size:72px|text_align:center|color:%23ffffff|line_height:85px\u00bb use_theme_fonts=\u00bbyes\u00bb][vc_custom_heading text=\u00bbCreamos dise\u00f1os que le dan potencia tu negocio\u00bb font_container=\u00bbtag:p|font_size:18|text_align:center|color:%23ffffff\u00bb use_theme_fonts=\u00bbyes\u00bb][\/vc_column][\/vc_row][vc_row][vc_column][vc_empty_space][\/vc_column][\/vc_row][vc_row][vc_column][vc_column_text]...\" \/>\n<meta property=\"og:url\" content=\"https:\/\/megashopmedellin.com\/sitio\/diseno-grafico-publiciad-medellin\/\" \/>\n<meta property=\"og:site_name\" content=\"MegaShop Medell\u00edn\" \/>\n<meta property=\"article:modified_time\" content=\"2018-08-22T22:25:20+00:00\" \/>\n<meta name=\"twitter:card\" content=\"summary_large_image\" \/>\n<meta name=\"twitter:label1\" content=\"Tiempo de lectura\" \/>\n\t<meta name=\"twitter:data1\" content=\"4 minutos\" \/>\n<script type=\"application\/ld+json\" class=\"yoast-schema-graph\">{\"@context\":\"https:\/\/schema.org\",\"@graph\":[{\"@type\":\"WebPage\",\"@id\":\"https:\/\/megashopmedellin.com\/sitio\/diseno-grafico-publiciad-medellin\/\",\"url\":\"https:\/\/megashopmedellin.com\/sitio\/diseno-grafico-publiciad-medellin\/\",\"name\":\"Dise\u00f1o Gr\u00e1fico Digital - MegaShop Medell\u00edn\",\"isPartOf\":{\"@id\":\"https:\/\/megashopmedellin.com\/sitio\/#website\"},\"datePublished\":\"2018-08-19T12:41:19+00:00\",\"dateModified\":\"2018-08-22T22:25:20+00:00\",\"breadcrumb\":{\"@id\":\"https:\/\/megashopmedellin.com\/sitio\/diseno-grafico-publiciad-medellin\/#breadcrumb\"},\"inLanguage\":\"es\",\"potentialAction\":[{\"@type\":\"ReadAction\",\"target\":[\"https:\/\/megashopmedellin.com\/sitio\/diseno-grafico-publiciad-medellin\/\"]}]},{\"@type\":\"BreadcrumbList\",\"@id\":\"https:\/\/megashopmedellin.com\/sitio\/diseno-grafico-publiciad-medellin\/#breadcrumb\",\"itemListElement\":[{\"@type\":\"ListItem\",\"position\":1,\"name\":\"Portada\",\"item\":\"https:\/\/megashopmedellin.com\/sitio\/\"},{\"@type\":\"ListItem\",\"position\":2,\"name\":\"Dise\u00f1o Gr\u00e1fico Digital\"}]},{\"@type\":\"WebSite\",\"@id\":\"https:\/\/megashopmedellin.com\/sitio\/#website\",\"url\":\"https:\/\/megashopmedellin.com\/sitio\/\",\"name\":\"MegaShop Medell\u00edn\",\"description\":\"marquillas, etiquetas, estampados en medellin, transfer en medellin, sublimaci\u00f3n en medell\u00edn, busos para prom en medellin, chaquetas para prom en medellin, dotaciones empresariales medellin, chaquetas beisboleras medellin, estampaci\u00f3n textil, plastisol, vestidos, camisetas, gorras, banderas\",\"potentialAction\":[{\"@type\":\"SearchAction\",\"target\":{\"@type\":\"EntryPoint\",\"urlTemplate\":\"https:\/\/megashopmedellin.com\/sitio\/?s={search_term_string}\"},\"query-input\":{\"@type\":\"PropertyValueSpecification\",\"valueRequired\":true,\"valueName\":\"search_term_string\"}}],\"inLanguage\":\"es\"}]}<\/script>\n<!-- \/ Yoast SEO Premium plugin. -->","yoast_head_json":{"title":"Dise\u00f1o Gr\u00e1fico Digital - MegaShop Medell\u00edn","robots":{"index":"index","follow":"follow","max-snippet":"max-snippet:-1","max-image-preview":"max-image-preview:large","max-video-preview":"max-video-preview:-1"},"canonical":"https:\/\/megashopmedellin.com\/sitio\/diseno-grafico-publiciad-medellin\/","og_locale":"es_ES","og_type":"article","og_title":"Dise\u00f1o Gr\u00e1fico Digital","og_description":"[vc_row col_overlay=\u00bbrgba(13,18,81,0.3)\u00bb css=\u00bb.vc_custom_1534708010554{padding-top: 20% !important;padding-bottom: 15% !important;background-image: url(http:\/\/megashopmedellin.com\/sitio\/wp-content\/uploads\/2018\/08\/adult-1986108_1920-1.jpg?id=2206) !important;background-position: center !important;background-repeat: no-repeat !important;background-size: cover !important;}\u00bb][vc_column][vc_custom_heading text=\u00bbDise\u00f1o Gr\u00e1fico Digital\u00bb font_container=\u00bbtag:h2|font_size:72px|text_align:center|color:%23ffffff|line_height:85px\u00bb use_theme_fonts=\u00bbyes\u00bb][vc_custom_heading text=\u00bbCreamos dise\u00f1os que le dan potencia tu negocio\u00bb font_container=\u00bbtag:p|font_size:18|text_align:center|color:%23ffffff\u00bb use_theme_fonts=\u00bbyes\u00bb][\/vc_column][\/vc_row][vc_row][vc_column][vc_empty_space][\/vc_column][\/vc_row][vc_row][vc_column][vc_column_text]...","og_url":"https:\/\/megashopmedellin.com\/sitio\/diseno-grafico-publiciad-medellin\/","og_site_name":"MegaShop Medell\u00edn","article_modified_time":"2018-08-22T22:25:20+00:00","twitter_card":"summary_large_image","twitter_misc":{"Tiempo de lectura":"4 minutos"},"schema":{"@context":"https:\/\/schema.org","@graph":[{"@type":"WebPage","@id":"https:\/\/megashopmedellin.com\/sitio\/diseno-grafico-publiciad-medellin\/","url":"https:\/\/megashopmedellin.com\/sitio\/diseno-grafico-publiciad-medellin\/","name":"Dise\u00f1o Gr\u00e1fico Digital - MegaShop Medell\u00edn","isPartOf":{"@id":"https:\/\/megashopmedellin.com\/sitio\/#website"},"datePublished":"2018-08-19T12:41:19+00:00","dateModified":"2018-08-22T22:25:20+00:00","breadcrumb":{"@id":"https:\/\/megashopmedellin.com\/sitio\/diseno-grafico-publiciad-medellin\/#breadcrumb"},"inLanguage":"es","potentialAction":[{"@type":"ReadAction","target":["https:\/\/megashopmedellin.com\/sitio\/diseno-grafico-publiciad-medellin\/"]}]},{"@type":"BreadcrumbList","@id":"https:\/\/megashopmedellin.com\/sitio\/diseno-grafico-publiciad-medellin\/#breadcrumb","itemListElement":[{"@type":"ListItem","position":1,"name":"Portada","item":"https:\/\/megashopmedellin.com\/sitio\/"},{"@type":"ListItem","position":2,"name":"Dise\u00f1o Gr\u00e1fico Digital"}]},{"@type":"WebSite","@id":"https:\/\/megashopmedellin.com\/sitio\/#website","url":"https:\/\/megashopmedellin.com\/sitio\/","name":"MegaShop Medell\u00edn","description":"marquillas, etiquetas, estampados en medellin, transfer en medellin, sublimaci\u00f3n en medell\u00edn, busos para prom en medellin, chaquetas para prom en medellin, dotaciones empresariales medellin, chaquetas beisboleras medellin, estampaci\u00f3n textil, plastisol, vestidos, camisetas, gorras, banderas","potentialAction":[{"@type":"SearchAction","target":{"@type":"EntryPoint","urlTemplate":"https:\/\/megashopmedellin.com\/sitio\/?s={search_term_string}"},"query-input":{"@type":"PropertyValueSpecification","valueRequired":true,"valueName":"search_term_string"}}],"inLanguage":"es"}]}},"_links":{"self":[{"href":"https:\/\/megashopmedellin.com\/sitio\/wp-json\/wp\/v2\/pages\/2204","targetHints":{"allow":["GET"]}}],"collection":[{"href":"https:\/\/megashopmedellin.com\/sitio\/wp-json\/wp\/v2\/pages"}],"about":[{"href":"https:\/\/megashopmedellin.com\/sitio\/wp-json\/wp\/v2\/types\/page"}],"author":[{"embeddable":true,"href":"https:\/\/megashopmedellin.com\/sitio\/wp-json\/wp\/v2\/users\/1"}],"replies":[{"embeddable":true,"href":"https:\/\/megashopmedellin.com\/sitio\/wp-json\/wp\/v2\/comments?post=2204"}],"version-history":[{"count":13,"href":"https:\/\/megashopmedellin.com\/sitio\/wp-json\/wp\/v2\/pages\/2204\/revisions"}],"predecessor-version":[{"id":2416,"href":"https:\/\/megashopmedellin.com\/sitio\/wp-json\/wp\/v2\/pages\/2204\/revisions\/2416"}],"wp:attachment":[{"href":"https:\/\/megashopmedellin.com\/sitio\/wp-json\/wp\/v2\/media?parent=2204"}],"curies":[{"name":"wp","href":"https:\/\/api.w.org\/{rel}","templated":true}]}}