{"id":293,"date":"2017-02-09T14:00:14","date_gmt":"2017-02-09T14:00:14","guid":{"rendered":"https:\/\/rockythemes.com\/creativo-business\/?page_id=293"},"modified":"2018-09-24T19:32:42","modified_gmt":"2018-09-24T19:32:42","slug":"visitenos","status":"publish","type":"page","link":"https:\/\/megashopmedellin.com\/sitio\/visitenos\/","title":{"rendered":"Cont\u00e1ctenos para cotizar sus productos"},"content":{"rendered":"<div class=\"wpb-content-wrapper\">[vc_row parallax=\u00bbyes\u00bb parallax_sizing=\u00bb100%\u00bb col_overlay=\u00bbrgba(15,13,86,0.5)\u00bb css=\u00bb.vc_custom_1534465422847{padding-top: 20% !important;padding-bottom: 15% !important;background-image: url(http:\/\/megashopmedellin.com\/sitio\/wp-content\/uploads\/2018\/08\/megashop-apliques.jpg?id=1605) !important;background-position: center;background-repeat: no-repeat !important;background-size: cover !important;}\u00bb][vc_column][vc_custom_heading text=\u00bbCont\u00e1ctenos\u00bb font_container=\u00bbtag:h2|font_size:72px|text_align:center|color:%23ffffff|line_height:85px\u00bb google_fonts=\u00bbfont_family:Roboto%3A100%2C100italic%2C300%2C300italic%2Cregular%2Citalic%2C500%2C500italic%2C700%2C700italic%2C900%2C900italic|font_style:400%20regular%3A400%3Anormal\u00bb][vc_custom_heading text=\u00bbMegashop, Centro comercial shangai Local 217&#8243; font_container=\u00bbtag:p|font_size:24px|text_align:center|color:%23ffffff\u00bb use_theme_fonts=\u00bbyes\u00bb][\/vc_column][\/vc_row][vc_row css=\u00bb.vc_custom_1534466498649{padding-top: 6% !important;padding-bottom: 6% !important;}\u00bb][vc_column width=\u00bb1\/6&#8243;][\/vc_column][vc_column width=\u00bb2\/3&#8243;][vc_custom_heading text=\u00bbGracias por visitar nuestro sitio web\u00bb font_container=\u00bbtag:h2|font_size:50px|text_align:center|color:%23ff5900|line_height:60px\u00bb use_theme_fonts=\u00bbyes\u00bb][vc_column_text]\n<p style=\"text-align: justify;\"><span style=\"font-size: 14pt; color: #000000;\">Para nosotros es un gusto que est\u00e9 visitando nuestra web. Le ofrecemos diversos medios de contacto para que pueda transmitirnos sus inquietudes o necesidades. Estamos atentos para ofrecerle la mejor asesor\u00eda para el montaje de su proyecto con el fin que logre alcanzar sus metas.<\/span><\/p>\n[\/vc_column_text][\/vc_column][vc_column width=\u00bb1\/6&#8243;][\/vc_column][\/vc_row][vc_row layout=\u00bbstretch_row_content_no_spaces\u00bb eq_height=\u00bbyes\u00bb][vc_column width=\u00bb1\/2&#8243;][vc_gmaps link=\u00bb#E-8_JTNDaWZyYW1lJTIwc3JjJTNEJTIyaHR0cHMlM0ElMkYlMkZ3d3cuZ29vZ2xlLmNvbSUyRm1hcHMlMkZlbWJlZCUzRnBiJTNEJTIxMW0xNCUyMTFtOCUyMTFtMyUyMTFkMjk0Ljc4MjQxODc4NDc2NDg0JTIxMmQtNzUuNTcwODcwNzgxNzYxNSUyMTNkNi4yNTAwNjg4NDUxNjkzMTElMjEzbTIlMjExaTEwMjQlMjEyaTc2OCUyMTRmMTMuMSUyMTNtMyUyMTFtMiUyMTFzMHgwJTI1M0EweGE2NGM2NWZiMmFkZjQyNDglMjEyc0NlbnRybyUyQkNvbWVyY2lhbCUyQlNoYW5nYWklMjE1ZTAlMjEzbTIlMjExc2VzJTIxMnN1cyUyMTR2MTUzMzgzOTQ0NTEzMiUyMiUyMHdpZHRoJTNEJTIyNjAwJTIyJTIwaGVpZ2h0JTNEJTIyNDUwJTIyJTIwZnJhbWVib3JkZXIlM0QlMjIwJTIyJTIwc3R5bGUlM0QlMjJib3JkZXIlM0EwJTIyJTIwYWxsb3dmdWxsc2NyZWVuJTNFJTNDJTJGaWZyYW1lJTNF\u00bb][\/vc_column][vc_column width=\u00bb1\/2&#8243; css=\u00bb.vc_custom_1533309332663{padding-top: 20% !important;padding-bottom: 18% !important;background-color: #ff5900 !important;}\u00bb][vc_custom_heading text=\u00bbOficina principal\u00bb font_container=\u00bbtag:h2|font_size:50px|text_align:center|color:%23ffffff\u00bb use_theme_fonts=\u00bbyes\u00bb][vc_column_text]\n<p style=\"text-align: center;\"><span style=\"font-size: 14pt; color: #ffffff;\">Cra. 53#49-47 Local 217<\/span><br \/>\n<span style=\"font-size: 14pt; color: #ffffff;\">Tel\u00e9fono: (4) 511 27 22<\/span><br \/>\n<span style=\"font-size: 14pt; color: #ffffff;\">Whatsapp y Cel: 315 462 99 24<\/span><br \/>\n<span style=\"font-size: 14pt; color: #ffffff;\">Email: info@megashop.com.co<\/span><br \/>\n<span style=\"font-size: 14pt; color: #ffffff;\">www.megashop.com.co<\/span><\/p>\n[\/vc_column_text][\/vc_column][\/vc_row][vc_row css=\u00bb.vc_custom_1486650927655{padding-top: 8% !important;padding-bottom: 8% !important;background-color: #f6f6f6 !important;}\u00bb][vc_column width=\u00bb1\/6&#8243;][\/vc_column][vc_column width=\u00bb2\/3&#8243;]<div class=\"product_feature prod_feature_counter_1  flex  mb-4\" ><style type=\"text\/css\" scoped=\"scoped\">.product_feature.prod_feature_counter_1 .pf_icon i {background-color: #abacb2; box-sizing: content-box; padding: 5px;}.product_feature.prod_feature_counter_1 .pf_icon i {color: #ffffff;display: block; text-align:center;font-size: 60px;width: 75px;height: 75px;line-height: 75px;}.product_feature.prod_feature_counter_1 .pf_content h4 {color: #abacb2;font-size: px;font-weight: ;line-height: ;margin-top: ;margin-bottom: ;}.product_feature.prod_feature_counter_1 .pf_content .pf_description {font-size: 17px;line-height: 26px;color: ;}<\/style><div class=\"pf_icon flex-none mb-6 mr-4\"><i class=\"fa fa-envelope inline-block text-center rounded-full\"><\/i><\/div><div class=\"pf_content\"><div class=\"pf_description\">\n<p style=\"text-align: justify;\"><span id=\"result_box\" class=\"\" lang=\"es\" style=\"font-size: 14pt; color: #000000;\"><span class=\"\">Puede usar el siguiente formulario de contacto para enviarnos sus mensajes.<\/span><\/span><\/p>\n<\/div><\/div><\/div>[vc_empty_space][vc_separator style=\u00bbblank\u00bb padding_top=\u00bb20&#8243; padding_bottom=\u00bb20&#8243;]<div class=\"creativo_cf7 cf_scope_1 full_width none\"><style type=\"text\/css\" scoped=\"scoped\">.creativo_cf7.cf_scope_1{padding:0px;border-radius:0px;background-color:;width:100%;margin:0 auto;}.cf_scope_1 input,\r\n\t\t\t\t\t\t\t\t.cf_scope_1 textarea,\r\n\t\t\t\t\t\t\t\t.cf_scope_1 select {padding:10px;}.cf_scope_1 .wpcf7 {color:#000000;font-size:12px;}.cf_scope_1 input:not([type=\"submit\"]), .cf_scope_1 textarea, .cf_scope_1 select {font-size:13px; line-height: normal;background-color:rgba(255,255,255,0.01);border-width:2px;border-radius:0px;border-color:#d7d7d9;color:#000000;}.cf_scope_1 input:focus, .cf_scope_1 select:focus, .cf_scope_1 select:hover, .cf_scope_1 textarea:focus, .cf_scope_1 input:not([type=\"submit\"]):hover, .cf_scope_1 textarea:hover{background-color:rgba(255,255,255,0.75);border-color:#abacb2;color:#555555;}.cf_scope_1 textarea {height:150px;}.cf_scope_1 .wpcf7-submit, .cf_scope_1 .wpcf7-submit:focus {border: 1px solid #ccc;background-color:#ff5900;border-color:#ff5900;color:#ffffff;font-size:15px;font-weight:400;padding-top:10px;padding-bottom:10px;margin-top:10px; margin-right: 0; margin-bottom:0;text-align: left;line-height: 26px;border-radius:0px;padding-left:20px;padding-right:20px;transition: all 0.2s ease-in-out; -webkit-transition: all 0.2s ease-in-out;}.cf_scope_1 .wpcf7-submit:hover {background-color:#ff5900;border-color:#ff5900;color:#ffffff;}@media (max-width: 640px) {.creativo_cf7.cf_scope_1 {width: 100%;}}<\/style>\n<div class=\"wpcf7 no-js\" id=\"wpcf7-f5-o1\" lang=\"es-ES\" dir=\"ltr\" data-wpcf7-id=\"5\">\n<div class=\"screen-reader-response\"><p role=\"status\" aria-live=\"polite\" aria-atomic=\"true\"><\/p> <ul><\/ul><\/div>\n<form action=\"\/sitio\/wp-json\/wp\/v2\/pages\/293#wpcf7-f5-o1\" method=\"post\" class=\"wpcf7-form init\" aria-label=\"Formulario de contacto\" novalidate=\"novalidate\" data-status=\"init\">\n<div style=\"display: none;\">\n<input type=\"hidden\" name=\"_wpcf7\" value=\"5\" \/>\n<input type=\"hidden\" name=\"_wpcf7_version\" value=\"6.0.6\" \/>\n<input type=\"hidden\" name=\"_wpcf7_locale\" value=\"es_ES\" \/>\n<input type=\"hidden\" name=\"_wpcf7_unit_tag\" value=\"wpcf7-f5-o1\" \/>\n<input type=\"hidden\" name=\"_wpcf7_container_post\" value=\"0\" \/>\n<input type=\"hidden\" name=\"_wpcf7_posted_data_hash\" value=\"\" \/>\n<input type=\"hidden\" name=\"_wpcf7_recaptcha_response\" value=\"\" \/>\n<\/div>\n<p><label>Su Nombre (required)<br \/>\n<span class=\"wpcf7-form-control-wrap\" data-name=\"your-name\"><input size=\"40\" maxlength=\"400\" class=\"wpcf7-form-control wpcf7-text wpcf7-validates-as-required\" aria-required=\"true\" aria-invalid=\"false\" value=\"\" type=\"text\" name=\"your-name\" \/><\/span> <\/label>\n<\/p>\n<p><label> Email (required)<br \/>\n<span class=\"wpcf7-form-control-wrap\" data-name=\"your-email\"><input size=\"40\" maxlength=\"400\" class=\"wpcf7-form-control wpcf7-email wpcf7-validates-as-required wpcf7-text wpcf7-validates-as-email\" aria-required=\"true\" aria-invalid=\"false\" value=\"\" type=\"email\" name=\"your-email\" \/><\/span> <\/label>\n<\/p>\n<p><label> Asunto<br \/>\n<span class=\"wpcf7-form-control-wrap\" data-name=\"your-subject\"><input size=\"40\" maxlength=\"400\" class=\"wpcf7-form-control wpcf7-text\" aria-invalid=\"false\" value=\"\" type=\"text\" name=\"your-subject\" \/><\/span> <\/label>\n<\/p>\n<p><label> Mensaje<br \/>\n<span class=\"wpcf7-form-control-wrap\" data-name=\"your-message\"><textarea cols=\"40\" rows=\"10\" maxlength=\"2000\" class=\"wpcf7-form-control wpcf7-textarea\" aria-invalid=\"false\" name=\"your-message\"><\/textarea><\/span> <\/label>\n<\/p>\n<p><input class=\"wpcf7-form-control wpcf7-submit has-spinner\" type=\"submit\" value=\"Enviar\" \/>\n<\/p><div class=\"wpcf7-response-output\" aria-hidden=\"true\"><\/div>\n<\/form>\n<\/div>\n<\/div>[\/vc_column][vc_column width=\u00bb1\/6&#8243;][\/vc_column][\/vc_row][vc_row css=\u00bb.vc_custom_1486653302006{padding-top: 6% !important;padding-bottom: 6% !important;}\u00bb][vc_column width=\u00bb1\/3&#8243;][vc_custom_heading text=\u00bbHORAS LABORALES\u00bb font_container=\u00bbtag:h2|font_size:18px|text_align:center|color:%23ff5900&#8243; google_fonts=\u00bbfont_family:Roboto%20Condensed%3A300%2C300italic%2Cregular%2Citalic%2C700%2C700italic|font_style:700%20bold%20regular%3A700%3Anormal\u00bb css=\u00bb.vc_custom_1534466766618{padding-bottom: 15px !important;}\u00bb][vc_column_text]\n<p style=\"text-align: center;\"><span style=\"color: #000000; font-size: 14pt;\">Lunes \u2013 Viernes : 9AM \u2013 5PM <\/span><br \/>\n<span style=\"color: #000000; font-size: 14pt;\">S\u00e1bado \u2013 9AM \u2013 2PM <\/span><br \/>\n<span style=\"color: #000000; font-size: 14pt;\">Domingo \u2013 Cerrado<\/span><\/p>\n[\/vc_column_text][\/vc_column][vc_column width=\u00bb1\/3&#8243; css=\u00bb.vc_custom_1486653415044{border-right-width: 1px !important;border-left-width: 1px !important;padding-right: 40px !important;padding-left: 40px !important;border-left-color: #d7d7d9 !important;border-left-style: solid !important;border-right-color: #d7d7d9 !important;border-right-style: solid !important;}\u00bb][\/vc_column][vc_column width=\u00bb1\/3&#8243;][vc_custom_heading text=\u00bbVIS\u00cdTENOS\u00bb font_container=\u00bbtag:h2|font_size:18px|text_align:center|color:%23ff5900&#8243; google_fonts=\u00bbfont_family:Roboto%20Condensed%3A300%2C300italic%2Cregular%2Citalic%2C700%2C700italic|font_style:700%20bold%20regular%3A700%3Anormal\u00bb css=\u00bb.vc_custom_1534466754747{padding-bottom: 15px !important;}\u00bb][vc_column_text]\n<p style=\"text-align: center;\"><span style=\"color: #000000; font-size: 14pt;\">Puede visitarnos en cualquier momento que desee, solo aseg\u00farate de informarnos sobre su visita primero \ud83d\ude42<\/span><\/p>\n[\/vc_column_text][\/vc_column][\/vc_row]\n<\/div>","protected":false},"excerpt":{"rendered":"<p>[vc_row parallax=\u00bbyes\u00bb parallax_sizing=\u00bb100%\u00bb col_overlay=\u00bbrgba(15,13,86,0.5)\u00bb css=\u00bb.vc_custom_1534465422847{padding-top: 20% !important;padding-bottom: 15% !important;background-image: url(http:\/\/megashopmedellin.com\/sitio\/wp-content\/uploads\/2018\/08\/megashop-apliques.jpg?id=1605) !important;background-position: center;background-repeat: no-repeat !important;background-size: cover !important;}\u00bb][vc_column][vc_custom_heading text=\u00bbCont\u00e1ctenos\u00bb font_container=\u00bbtag:h2|font_size:72px|text_align:center|color:%23ffffff|line_height:85px\u00bb google_fonts=\u00bbfont_family:Roboto%3A100%2C100italic%2C300%2C300italic%2Cregular%2Citalic%2C500%2C500italic%2C700%2C700italic%2C900%2C900italic|font_style:400%20regular%3A400%3Anormal\u00bb][vc_custom_heading text=\u00bbMegashop, Centro comercial shangai Local 217&#8243; font_container=\u00bbtag:p|font_size:24px|text_align:center|color:%23ffffff\u00bb use_theme_fonts=\u00bbyes\u00bb][\/vc_column][\/vc_row][vc_row css=\u00bb.vc_custom_1534466498649{padding-top: 6% !important;padding-bottom:&#8230;<\/p>\n","protected":false},"author":1,"featured_media":0,"parent":0,"menu_order":0,"comment_status":"closed","ping_status":"closed","template":"page-full.php","meta":{"footnotes":""},"class_list":["post-293","page","type-page","status-publish","hentry"],"yoast_head":"<!-- This site is optimized with the Yoast SEO Premium plugin v18.0 (Yoast SEO v25.1) - https:\/\/yoast.com\/wordpress\/plugins\/seo\/ -->\n<title>Cont\u00e1ctenos para cotizar sus productos - MegaShop Medell\u00edn<\/title>\n<meta name=\"robots\" content=\"index, follow, max-snippet:-1, max-image-preview:large, max-video-preview:-1\" \/>\n<link rel=\"canonical\" href=\"https:\/\/megashopmedellin.com\/sitio\/visitenos\/\" \/>\n<meta property=\"og:locale\" content=\"es_ES\" \/>\n<meta property=\"og:type\" content=\"article\" \/>\n<meta property=\"og:title\" content=\"Cont\u00e1ctenos para cotizar sus productos\" \/>\n<meta property=\"og:description\" content=\"[vc_row parallax=\u00bbyes\u00bb parallax_sizing=\u00bb100%\u00bb col_overlay=\u00bbrgba(15,13,86,0.5)\u00bb css=\u00bb.vc_custom_1534465422847{padding-top: 20% !important;padding-bottom: 15% !important;background-image: url(http:\/\/megashopmedellin.com\/sitio\/wp-content\/uploads\/2018\/08\/megashop-apliques.jpg?id=1605) !important;background-position: center;background-repeat: no-repeat !important;background-size: cover !important;}\u00bb][vc_column][vc_custom_heading text=\u00bbCont\u00e1ctenos\u00bb font_container=\u00bbtag:h2|font_size:72px|text_align:center|color:%23ffffff|line_height:85px\u00bb google_fonts=\u00bbfont_family:Roboto%3A100%2C100italic%2C300%2C300italic%2Cregular%2Citalic%2C500%2C500italic%2C700%2C700italic%2C900%2C900italic|font_style:400%20regular%3A400%3Anormal\u00bb][vc_custom_heading text=\u00bbMegashop, Centro comercial shangai Local 217&#8243; font_container=\u00bbtag:p|font_size:24px|text_align:center|color:%23ffffff\u00bb use_theme_fonts=\u00bbyes\u00bb][\/vc_column][\/vc_row][vc_row css=\u00bb.vc_custom_1534466498649{padding-top: 6% !important;padding-bottom:...\" \/>\n<meta property=\"og:url\" content=\"https:\/\/megashopmedellin.com\/sitio\/visitenos\/\" \/>\n<meta property=\"og:site_name\" content=\"MegaShop Medell\u00edn\" \/>\n<meta property=\"article:modified_time\" content=\"2018-09-24T19:32:42+00:00\" \/>\n<meta name=\"twitter:card\" content=\"summary_large_image\" \/>\n<meta name=\"twitter:label1\" content=\"Tiempo de lectura\" \/>\n\t<meta name=\"twitter:data1\" content=\"3 minutos\" \/>\n<script type=\"application\/ld+json\" class=\"yoast-schema-graph\">{\"@context\":\"https:\/\/schema.org\",\"@graph\":[{\"@type\":\"WebPage\",\"@id\":\"https:\/\/megashopmedellin.com\/sitio\/visitenos\/\",\"url\":\"https:\/\/megashopmedellin.com\/sitio\/visitenos\/\",\"name\":\"Cont\u00e1ctenos para cotizar sus productos - MegaShop Medell\u00edn\",\"isPartOf\":{\"@id\":\"https:\/\/megashopmedellin.com\/sitio\/#website\"},\"datePublished\":\"2017-02-09T14:00:14+00:00\",\"dateModified\":\"2018-09-24T19:32:42+00:00\",\"breadcrumb\":{\"@id\":\"https:\/\/megashopmedellin.com\/sitio\/visitenos\/#breadcrumb\"},\"inLanguage\":\"es\",\"potentialAction\":[{\"@type\":\"ReadAction\",\"target\":[\"https:\/\/megashopmedellin.com\/sitio\/visitenos\/\"]}]},{\"@type\":\"BreadcrumbList\",\"@id\":\"https:\/\/megashopmedellin.com\/sitio\/visitenos\/#breadcrumb\",\"itemListElement\":[{\"@type\":\"ListItem\",\"position\":1,\"name\":\"Portada\",\"item\":\"https:\/\/megashopmedellin.com\/sitio\/\"},{\"@type\":\"ListItem\",\"position\":2,\"name\":\"Cont\u00e1ctenos para cotizar sus productos\"}]},{\"@type\":\"WebSite\",\"@id\":\"https:\/\/megashopmedellin.com\/sitio\/#website\",\"url\":\"https:\/\/megashopmedellin.com\/sitio\/\",\"name\":\"MegaShop Medell\u00edn\",\"description\":\"marquillas, etiquetas, estampados en medellin, transfer en medellin, sublimaci\u00f3n en medell\u00edn, busos para prom en medellin, chaquetas para prom en medellin, dotaciones empresariales medellin, chaquetas beisboleras medellin, estampaci\u00f3n textil, plastisol, vestidos, camisetas, gorras, banderas\",\"potentialAction\":[{\"@type\":\"SearchAction\",\"target\":{\"@type\":\"EntryPoint\",\"urlTemplate\":\"https:\/\/megashopmedellin.com\/sitio\/?s={search_term_string}\"},\"query-input\":{\"@type\":\"PropertyValueSpecification\",\"valueRequired\":true,\"valueName\":\"search_term_string\"}}],\"inLanguage\":\"es\"}]}<\/script>\n<!-- \/ Yoast SEO Premium plugin. -->","yoast_head_json":{"title":"Cont\u00e1ctenos para cotizar sus productos - MegaShop Medell\u00edn","robots":{"index":"index","follow":"follow","max-snippet":"max-snippet:-1","max-image-preview":"max-image-preview:large","max-video-preview":"max-video-preview:-1"},"canonical":"https:\/\/megashopmedellin.com\/sitio\/visitenos\/","og_locale":"es_ES","og_type":"article","og_title":"Cont\u00e1ctenos para cotizar sus productos","og_description":"[vc_row parallax=\u00bbyes\u00bb parallax_sizing=\u00bb100%\u00bb col_overlay=\u00bbrgba(15,13,86,0.5)\u00bb css=\u00bb.vc_custom_1534465422847{padding-top: 20% !important;padding-bottom: 15% !important;background-image: url(http:\/\/megashopmedellin.com\/sitio\/wp-content\/uploads\/2018\/08\/megashop-apliques.jpg?id=1605) !important;background-position: center;background-repeat: no-repeat !important;background-size: cover !important;}\u00bb][vc_column][vc_custom_heading text=\u00bbCont\u00e1ctenos\u00bb font_container=\u00bbtag:h2|font_size:72px|text_align:center|color:%23ffffff|line_height:85px\u00bb google_fonts=\u00bbfont_family:Roboto%3A100%2C100italic%2C300%2C300italic%2Cregular%2Citalic%2C500%2C500italic%2C700%2C700italic%2C900%2C900italic|font_style:400%20regular%3A400%3Anormal\u00bb][vc_custom_heading text=\u00bbMegashop, Centro comercial shangai Local 217&#8243; font_container=\u00bbtag:p|font_size:24px|text_align:center|color:%23ffffff\u00bb use_theme_fonts=\u00bbyes\u00bb][\/vc_column][\/vc_row][vc_row css=\u00bb.vc_custom_1534466498649{padding-top: 6% !important;padding-bottom:...","og_url":"https:\/\/megashopmedellin.com\/sitio\/visitenos\/","og_site_name":"MegaShop Medell\u00edn","article_modified_time":"2018-09-24T19:32:42+00:00","twitter_card":"summary_large_image","twitter_misc":{"Tiempo de lectura":"3 minutos"},"schema":{"@context":"https:\/\/schema.org","@graph":[{"@type":"WebPage","@id":"https:\/\/megashopmedellin.com\/sitio\/visitenos\/","url":"https:\/\/megashopmedellin.com\/sitio\/visitenos\/","name":"Cont\u00e1ctenos para cotizar sus productos - MegaShop Medell\u00edn","isPartOf":{"@id":"https:\/\/megashopmedellin.com\/sitio\/#website"},"datePublished":"2017-02-09T14:00:14+00:00","dateModified":"2018-09-24T19:32:42+00:00","breadcrumb":{"@id":"https:\/\/megashopmedellin.com\/sitio\/visitenos\/#breadcrumb"},"inLanguage":"es","potentialAction":[{"@type":"ReadAction","target":["https:\/\/megashopmedellin.com\/sitio\/visitenos\/"]}]},{"@type":"BreadcrumbList","@id":"https:\/\/megashopmedellin.com\/sitio\/visitenos\/#breadcrumb","itemListElement":[{"@type":"ListItem","position":1,"name":"Portada","item":"https:\/\/megashopmedellin.com\/sitio\/"},{"@type":"ListItem","position":2,"name":"Cont\u00e1ctenos para cotizar sus productos"}]},{"@type":"WebSite","@id":"https:\/\/megashopmedellin.com\/sitio\/#website","url":"https:\/\/megashopmedellin.com\/sitio\/","name":"MegaShop Medell\u00edn","description":"marquillas, etiquetas, estampados en medellin, transfer en medellin, sublimaci\u00f3n en medell\u00edn, busos para prom en medellin, chaquetas para prom en medellin, dotaciones empresariales medellin, chaquetas beisboleras medellin, estampaci\u00f3n textil, plastisol, vestidos, camisetas, gorras, banderas","potentialAction":[{"@type":"SearchAction","target":{"@type":"EntryPoint","urlTemplate":"https:\/\/megashopmedellin.com\/sitio\/?s={search_term_string}"},"query-input":{"@type":"PropertyValueSpecification","valueRequired":true,"valueName":"search_term_string"}}],"inLanguage":"es"}]}},"_links":{"self":[{"href":"https:\/\/megashopmedellin.com\/sitio\/wp-json\/wp\/v2\/pages\/293","targetHints":{"allow":["GET"]}}],"collection":[{"href":"https:\/\/megashopmedellin.com\/sitio\/wp-json\/wp\/v2\/pages"}],"about":[{"href":"https:\/\/megashopmedellin.com\/sitio\/wp-json\/wp\/v2\/types\/page"}],"author":[{"embeddable":true,"href":"https:\/\/megashopmedellin.com\/sitio\/wp-json\/wp\/v2\/users\/1"}],"replies":[{"embeddable":true,"href":"https:\/\/megashopmedellin.com\/sitio\/wp-json\/wp\/v2\/comments?post=293"}],"version-history":[{"count":41,"href":"https:\/\/megashopmedellin.com\/sitio\/wp-json\/wp\/v2\/pages\/293\/revisions"}],"predecessor-version":[{"id":2167,"href":"https:\/\/megashopmedellin.com\/sitio\/wp-json\/wp\/v2\/pages\/293\/revisions\/2167"}],"wp:attachment":[{"href":"https:\/\/megashopmedellin.com\/sitio\/wp-json\/wp\/v2\/media?parent=293"}],"curies":[{"name":"wp","href":"https:\/\/api.w.org\/{rel}","templated":true}]}}