{"id":3,"date":"2018-07-25T23:43:25","date_gmt":"2018-07-25T23:43:25","guid":{"rendered":"http:\/\/megashopmedellin.com\/portal\/?page_id=3"},"modified":"2018-08-22T15:22:02","modified_gmt":"2018-08-22T15:22:02","slug":"politica-de-privacidad","status":"publish","type":"page","link":"https:\/\/megashopmedellin.com\/sitio\/politica-de-privacidad\/","title":{"rendered":"Pol\u00edtica de privacidad"},"content":{"rendered":"<div class=\"wpb-content-wrapper\">[vc_row parallax=\u00bbyes\u00bb css=\u00bb.vc_custom_1534950823100{padding-top: 20% !important;padding-bottom: 15% !important;background-image: url(http:\/\/megashopmedellin.com\/sitio\/wp-content\/uploads\/2018\/08\/security-protection-anti-virus-software-60504.jpeg?id=2395) !important;background-position: center;background-repeat: no-repeat !important;background-size: cover !important;}\u00bb][vc_column][vc_custom_heading text=\u00bbProtecci\u00f3n de datos personales\u00bb font_container=\u00bbtag:h2|font_size:72px|text_align:center|color:%23ffffff|line_height:85px\u00bb use_theme_fonts=\u00bbyes\u00bb][\/vc_column][\/vc_row][vc_row][vc_column][vc_empty_space][vc_custom_heading text=\u00bbEn MegaShop nos comprometemos con la seguridad de la informaci\u00f3n personal sus usuarios, clientes, proveedores, contratistas, empleados y p\u00fablico en general y con la finalidad de dar estricto cumplimiento a la normatividad vigente sobre la protecci\u00f3n de Datos Personales, en especial por lo establecido en el decreto \u00fanico 1074 de 2015 y dem\u00e1s disposiciones que las modifiquen, adicionen o complementen, se permite presentar la Pol\u00edtica de Tratamiento en materia de protecci\u00f3n de Datos Personales.\u00bb font_container=\u00bbtag:h2|font_size:34px|text_align:justify|color:%23ff5900|line_height:44px\u00bb use_theme_fonts=\u00bbyes\u00bb][vc_empty_space][vc_separator style=\u00bbsolid\u00bb][vc_empty_space][\/vc_column][\/vc_row][vc_row][vc_column width=\u00bb1\/2&#8243;][vc_custom_heading text=\u00bb\u00abPara ello le invitamos a descargar nuestra pol\u00edticas para el tratamiento de datos personales, procedimientos internos en el manejo de datos personales.\u00bb font_container=\u00bbtag:h2|font_size:25px|text_align:justify|color:%23545454|line_height:35px\u00bb use_theme_fonts=\u00bbyes\u00bb][\/vc_column][vc_column width=\u00bb1\/2&#8243;][vc_button title=\u00bbPOLITICA DE PROTECCION DE DATOS\u00bb target=\u00bb_blank\u00bb shape=\u00bbrounded\u00bb color=\u00bbcustom_grd\u00bb grd_color_1=\u00bb#ff5900&#8243; grd_color_2=\u00bb#000000&#8243; icon_fontawesome=\u00bbfa fa-arrow-down\u00bb add_icon=\u00bbtrue\u00bb href=\u00bbhttp:\/\/megashopmedellin.com\/sitio\/wp-content\/uploads\/2018\/08\/POLITICAS-DE-PROTECCION-MEGASHOP.pdf\u00bb][vc_empty_space][vc_button title=\u00bbMANUAL INTERNO DE PROTECCION DE DATOS\u00bb target=\u00bb_blank\u00bb shape=\u00bbrounded\u00bb color=\u00bbcustom_grd\u00bb grd_color_1=\u00bb#ff5900&#8243; grd_color_2=\u00bb#000000&#8243; icon_fontawesome=\u00bbfa fa-arrow-down\u00bb add_icon=\u00bbtrue\u00bb href=\u00bbhttp:\/\/megashopmedellin.com\/sitio\/wp-content\/uploads\/2018\/08\/MANUAL-INTERNO-POLITCAS-DATOS-MEGASHOP.pdf\u00bb][\/vc_column][\/vc_row][vc_row][vc_column][vc_empty_space][vc_empty_space][vc_custom_heading text=\u00bbVIS\u00cdTANOS\u00bb font_container=\u00bbtag:h2|text_align:center|color:%23ff5900&#8243; google_fonts=\u00bbfont_family:Roboto%3A100%2C100italic%2C300%2C300italic%2Cregular%2Citalic%2C500%2C500italic%2C700%2C700italic%2C900%2C900italic|font_style:500%20bold%20regular%3A500%3Anormal\u00bb]<div class=\"separator-wrap-1\"><style type=\"text\/css\" scoped=\"scoped\">.separator-wrap-1 .separator-el {padding-top: px;padding-bottom: px;}.separator-wrap-1 .separator-el .line{}.separator-wrap-1 .line, .separator-wrap-1 .separator-el-left, .separator-wrap-1 .separator-el-right {background-color:#000000;}<\/style><div class=\"separator-el relative \"><div class=\"line w-10 h-1 bg-gray-700 mx-auto \"><\/div><\/div><\/div>[vc_empty_space][\/vc_column][\/vc_row][vc_row layout=\u00bbstretch_row_content_no_spaces\u00bb eq_height=\u00bbyes\u00bb content_placement=\u00bbmiddle\u00bb][vc_column width=\u00bb1\/2&#8243; css=\u00bb.vc_custom_1534947022207{background-color: #ff5900 !important;}\u00bb][vc_column_text]\n<h2 class=\"vc_custom_heading\" style=\"text-align: center;\"><span style=\"font-size: 24pt; color: #ffffff;\"><strong>Oficina principal<\/strong><\/span><\/h2>\n<p style=\"text-align: center;\"><span style=\"font-size: 14pt; color: #ffffff;\">Cra. 53#49-47 Local 217<\/span><br \/>\n<span style=\"font-size: 14pt; color: #ffffff;\">Tel\u00e9fono: (4) 511 27 22<\/span><br \/>\n<span style=\"font-size: 14pt; color: #ffffff;\">Whatsapp y Cel: 315 462 99 24<\/span><br \/>\n<span style=\"font-size: 14pt; color: #ffffff;\">Email: info@megashop.com.co<\/span><br \/>\n<span style=\"font-size: 14pt; color: #ffffff;\">www.megashop.com.co<\/span><\/p>\n[\/vc_column_text][\/vc_column][vc_column width=\u00bb1\/2&#8243;][vc_gmaps link=\u00bb#E-8_JTNDaWZyYW1lJTIwc3JjJTNEJTIyaHR0cHMlM0ElMkYlMkZ3d3cuZ29vZ2xlLmNvbSUyRm1hcHMlMkZlbWJlZCUzRnBiJTNEJTIxMW0xNCUyMTFtOCUyMTFtMyUyMTFkMjk0Ljc4MjQxODc4NDc2NDg0JTIxMmQtNzUuNTcwODcwNzgxNzYxNSUyMTNkNi4yNTAwNjg4NDUxNjkzMTElMjEzbTIlMjExaTEwMjQlMjEyaTc2OCUyMTRmMTMuMSUyMTNtMyUyMTFtMiUyMTFzMHgwJTI1M0EweGE2NGM2NWZiMmFkZjQyNDglMjEyc0NlbnRybyUyQkNvbWVyY2lhbCUyQlNoYW5nYWklMjE1ZTAlMjEzbTIlMjExc2VzJTIxMnN1cyUyMTR2MTUzMzgzOTQ0NTEzMiUyMiUyMHdpZHRoJTNEJTIyNjAwJTIyJTIwaGVpZ2h0JTNEJTIyNDUwJTIyJTIwZnJhbWVib3JkZXIlM0QlMjIwJTIyJTIwc3R5bGUlM0QlMjJib3JkZXIlM0EwJTIyJTIwYWxsb3dmdWxsc2NyZWVuJTNFJTNDJTJGaWZyYW1lJTNFYWxsb3dmdWxsc2NyZWVuJTNFJTNDJTJGaWZyYW1lJTNF\u00bb][\/vc_column][\/vc_row]\n<\/div>","protected":false},"excerpt":{"rendered":"<p>[vc_row parallax=\u00bbyes\u00bb css=\u00bb.vc_custom_1534950823100{padding-top: 20% !important;padding-bottom: 15% !important;background-image: url(http:\/\/megashopmedellin.com\/sitio\/wp-content\/uploads\/2018\/08\/security-protection-anti-virus-software-60504.jpeg?id=2395) !important;background-position: center;background-repeat: no-repeat !important;background-size: cover !important;}\u00bb][vc_column][vc_custom_heading text=\u00bbProtecci\u00f3n de datos personales\u00bb font_container=\u00bbtag:h2|font_size:72px|text_align:center|color:%23ffffff|line_height:85px\u00bb use_theme_fonts=\u00bbyes\u00bb][\/vc_column][\/vc_row][vc_row][vc_column][vc_empty_space][vc_custom_heading text=\u00bbEn MegaShop nos comprometemos con la seguridad de la informaci\u00f3n&#8230;<\/p>\n","protected":false},"author":1,"featured_media":0,"parent":0,"menu_order":0,"comment_status":"closed","ping_status":"open","template":"page-full.php","meta":{"footnotes":""},"class_list":["post-3","page","type-page","status-publish","hentry"],"yoast_head":"<!-- This site is optimized with the Yoast SEO Premium plugin v18.0 (Yoast SEO v25.1) - https:\/\/yoast.com\/wordpress\/plugins\/seo\/ -->\n<title>Pol\u00edtica de privacidad - MegaShop Medell\u00edn<\/title>\n<meta name=\"robots\" content=\"index, follow, max-snippet:-1, max-image-preview:large, max-video-preview:-1\" \/>\n<link rel=\"canonical\" href=\"https:\/\/megashopmedellin.com\/sitio\/politica-de-privacidad\/\" \/>\n<meta property=\"og:locale\" content=\"es_ES\" \/>\n<meta property=\"og:type\" content=\"article\" \/>\n<meta property=\"og:title\" content=\"Pol\u00edtica de privacidad\" \/>\n<meta property=\"og:description\" content=\"[vc_row parallax=\u00bbyes\u00bb css=\u00bb.vc_custom_1534950823100{padding-top: 20% !important;padding-bottom: 15% !important;background-image: url(http:\/\/megashopmedellin.com\/sitio\/wp-content\/uploads\/2018\/08\/security-protection-anti-virus-software-60504.jpeg?id=2395) !important;background-position: center;background-repeat: no-repeat !important;background-size: cover !important;}\u00bb][vc_column][vc_custom_heading text=\u00bbProtecci\u00f3n de datos personales\u00bb font_container=\u00bbtag:h2|font_size:72px|text_align:center|color:%23ffffff|line_height:85px\u00bb use_theme_fonts=\u00bbyes\u00bb][\/vc_column][\/vc_row][vc_row][vc_column][vc_empty_space][vc_custom_heading text=\u00bbEn MegaShop nos comprometemos con la seguridad de la informaci\u00f3n...\" \/>\n<meta property=\"og:url\" content=\"https:\/\/megashopmedellin.com\/sitio\/politica-de-privacidad\/\" \/>\n<meta property=\"og:site_name\" content=\"MegaShop Medell\u00edn\" \/>\n<meta property=\"article:modified_time\" content=\"2018-08-22T15:22:02+00:00\" \/>\n<meta name=\"twitter:card\" content=\"summary_large_image\" \/>\n<meta name=\"twitter:label1\" content=\"Tiempo de lectura\" \/>\n\t<meta name=\"twitter:data1\" content=\"2 minutos\" \/>\n<script type=\"application\/ld+json\" class=\"yoast-schema-graph\">{\"@context\":\"https:\/\/schema.org\",\"@graph\":[{\"@type\":\"WebPage\",\"@id\":\"https:\/\/megashopmedellin.com\/sitio\/politica-de-privacidad\/\",\"url\":\"https:\/\/megashopmedellin.com\/sitio\/politica-de-privacidad\/\",\"name\":\"Pol\u00edtica de privacidad - MegaShop Medell\u00edn\",\"isPartOf\":{\"@id\":\"https:\/\/megashopmedellin.com\/sitio\/#website\"},\"datePublished\":\"2018-07-25T23:43:25+00:00\",\"dateModified\":\"2018-08-22T15:22:02+00:00\",\"breadcrumb\":{\"@id\":\"https:\/\/megashopmedellin.com\/sitio\/politica-de-privacidad\/#breadcrumb\"},\"inLanguage\":\"es\",\"potentialAction\":[{\"@type\":\"ReadAction\",\"target\":[\"https:\/\/megashopmedellin.com\/sitio\/politica-de-privacidad\/\"]}]},{\"@type\":\"BreadcrumbList\",\"@id\":\"https:\/\/megashopmedellin.com\/sitio\/politica-de-privacidad\/#breadcrumb\",\"itemListElement\":[{\"@type\":\"ListItem\",\"position\":1,\"name\":\"Portada\",\"item\":\"https:\/\/megashopmedellin.com\/sitio\/\"},{\"@type\":\"ListItem\",\"position\":2,\"name\":\"Pol\u00edtica de privacidad\"}]},{\"@type\":\"WebSite\",\"@id\":\"https:\/\/megashopmedellin.com\/sitio\/#website\",\"url\":\"https:\/\/megashopmedellin.com\/sitio\/\",\"name\":\"MegaShop Medell\u00edn\",\"description\":\"marquillas, etiquetas, estampados en medellin, transfer en medellin, sublimaci\u00f3n en medell\u00edn, busos para prom en medellin, chaquetas para prom en medellin, dotaciones empresariales medellin, chaquetas beisboleras medellin, estampaci\u00f3n textil, plastisol, vestidos, camisetas, gorras, banderas\",\"potentialAction\":[{\"@type\":\"SearchAction\",\"target\":{\"@type\":\"EntryPoint\",\"urlTemplate\":\"https:\/\/megashopmedellin.com\/sitio\/?s={search_term_string}\"},\"query-input\":{\"@type\":\"PropertyValueSpecification\",\"valueRequired\":true,\"valueName\":\"search_term_string\"}}],\"inLanguage\":\"es\"}]}<\/script>\n<!-- \/ Yoast SEO Premium plugin. -->","yoast_head_json":{"title":"Pol\u00edtica de privacidad - MegaShop Medell\u00edn","robots":{"index":"index","follow":"follow","max-snippet":"max-snippet:-1","max-image-preview":"max-image-preview:large","max-video-preview":"max-video-preview:-1"},"canonical":"https:\/\/megashopmedellin.com\/sitio\/politica-de-privacidad\/","og_locale":"es_ES","og_type":"article","og_title":"Pol\u00edtica de privacidad","og_description":"[vc_row parallax=\u00bbyes\u00bb css=\u00bb.vc_custom_1534950823100{padding-top: 20% !important;padding-bottom: 15% !important;background-image: url(http:\/\/megashopmedellin.com\/sitio\/wp-content\/uploads\/2018\/08\/security-protection-anti-virus-software-60504.jpeg?id=2395) !important;background-position: center;background-repeat: no-repeat !important;background-size: cover !important;}\u00bb][vc_column][vc_custom_heading text=\u00bbProtecci\u00f3n de datos personales\u00bb font_container=\u00bbtag:h2|font_size:72px|text_align:center|color:%23ffffff|line_height:85px\u00bb use_theme_fonts=\u00bbyes\u00bb][\/vc_column][\/vc_row][vc_row][vc_column][vc_empty_space][vc_custom_heading text=\u00bbEn MegaShop nos comprometemos con la seguridad de la informaci\u00f3n...","og_url":"https:\/\/megashopmedellin.com\/sitio\/politica-de-privacidad\/","og_site_name":"MegaShop Medell\u00edn","article_modified_time":"2018-08-22T15:22:02+00:00","twitter_card":"summary_large_image","twitter_misc":{"Tiempo de lectura":"2 minutos"},"schema":{"@context":"https:\/\/schema.org","@graph":[{"@type":"WebPage","@id":"https:\/\/megashopmedellin.com\/sitio\/politica-de-privacidad\/","url":"https:\/\/megashopmedellin.com\/sitio\/politica-de-privacidad\/","name":"Pol\u00edtica de privacidad - MegaShop Medell\u00edn","isPartOf":{"@id":"https:\/\/megashopmedellin.com\/sitio\/#website"},"datePublished":"2018-07-25T23:43:25+00:00","dateModified":"2018-08-22T15:22:02+00:00","breadcrumb":{"@id":"https:\/\/megashopmedellin.com\/sitio\/politica-de-privacidad\/#breadcrumb"},"inLanguage":"es","potentialAction":[{"@type":"ReadAction","target":["https:\/\/megashopmedellin.com\/sitio\/politica-de-privacidad\/"]}]},{"@type":"BreadcrumbList","@id":"https:\/\/megashopmedellin.com\/sitio\/politica-de-privacidad\/#breadcrumb","itemListElement":[{"@type":"ListItem","position":1,"name":"Portada","item":"https:\/\/megashopmedellin.com\/sitio\/"},{"@type":"ListItem","position":2,"name":"Pol\u00edtica de privacidad"}]},{"@type":"WebSite","@id":"https:\/\/megashopmedellin.com\/sitio\/#website","url":"https:\/\/megashopmedellin.com\/sitio\/","name":"MegaShop Medell\u00edn","description":"marquillas, etiquetas, estampados en medellin, transfer en medellin, sublimaci\u00f3n en medell\u00edn, busos para prom en medellin, chaquetas para prom en medellin, dotaciones empresariales medellin, chaquetas beisboleras medellin, estampaci\u00f3n textil, plastisol, vestidos, camisetas, gorras, banderas","potentialAction":[{"@type":"SearchAction","target":{"@type":"EntryPoint","urlTemplate":"https:\/\/megashopmedellin.com\/sitio\/?s={search_term_string}"},"query-input":{"@type":"PropertyValueSpecification","valueRequired":true,"valueName":"search_term_string"}}],"inLanguage":"es"}]}},"_links":{"self":[{"href":"https:\/\/megashopmedellin.com\/sitio\/wp-json\/wp\/v2\/pages\/3","targetHints":{"allow":["GET"]}}],"collection":[{"href":"https:\/\/megashopmedellin.com\/sitio\/wp-json\/wp\/v2\/pages"}],"about":[{"href":"https:\/\/megashopmedellin.com\/sitio\/wp-json\/wp\/v2\/types\/page"}],"author":[{"embeddable":true,"href":"https:\/\/megashopmedellin.com\/sitio\/wp-json\/wp\/v2\/users\/1"}],"replies":[{"embeddable":true,"href":"https:\/\/megashopmedellin.com\/sitio\/wp-json\/wp\/v2\/comments?post=3"}],"version-history":[{"count":10,"href":"https:\/\/megashopmedellin.com\/sitio\/wp-json\/wp\/v2\/pages\/3\/revisions"}],"predecessor-version":[{"id":2398,"href":"https:\/\/megashopmedellin.com\/sitio\/wp-json\/wp\/v2\/pages\/3\/revisions\/2398"}],"wp:attachment":[{"href":"https:\/\/megashopmedellin.com\/sitio\/wp-json\/wp\/v2\/media?parent=3"}],"curies":[{"name":"wp","href":"https:\/\/api.w.org\/{rel}","templated":true}]}}