{"id":1702,"date":"2018-08-10T02:32:09","date_gmt":"2018-08-10T02:32:09","guid":{"rendered":"http:\/\/megashopmedellin.com\/sitio\/product\/diseno-web-con-plantilla-ryan-pro-copy\/"},"modified":"2025-05-17T05:27:45","modified_gmt":"2025-05-17T05:27:45","slug":"diseno-web-con-plantilla-experon-pro","status":"publish","type":"product","link":"https:\/\/megashopmedellin.com\/sitio\/product\/diseno-web-con-plantilla-experon-pro\/","title":{"rendered":"Dise\u00f1o web con Plantilla Experon (Pro)"},"content":{"rendered":"<div class=\"wpb-content-wrapper\">[vc_row][vc_column][vc_column_text]\n<h1 style=\"text-align: center;\"><span style=\"color: #ff6600;\">\u00a1Acerca de este incre\u00edble tema!<\/span><\/h1>\n<p style=\"text-align: center;\"><span style=\"color: #000000;\">Experon es un poderoso tema multiuso. \u00daselo para cualquier tipo de sitio web, ya sea corporativo, blog o eCommerce. Puedes hacerlo todo con Experon. Repleto de impresionantes caracter\u00edsticas, ahora puedes crear el sitio web perfecto sin tocar una sola l\u00ednea de c\u00f3digo con el poderoso panel de opciones de temas y el asombroso creador de p\u00e1ginas.<\/span><\/p>\n[\/vc_column_text][vc_empty_space height=\u00bb65px\u00bb][\/vc_column][\/vc_row][vc_row][vc_column][vc_row_inner][vc_column_inner width=\u00bb1\/3&#8243;]<div class=\"product_feature prod_feature_counter_1  flex  mb-4\" ><style type=\"text\/css\" scoped=\"scoped\">.product_feature.prod_feature_counter_1 .pf_icon i {color: #ea6d00;}.product_feature.prod_feature_counter_1 .pf_content h4 {color: #444444;font-size: 16px;font-weight: ;line-height: ;margin-top: ;margin-bottom: ;}.product_feature.prod_feature_counter_1 .pf_content .pf_description {font-size: ;line-height: ;color: ;}<\/style><div class=\"pf_icon flex-none mb-6 mr-4\"><i class=\"fa fa-tablet text-3xl inline-block text-center \"><\/i><\/div><div class=\"pf_content\"><h4 class=\"mb-4 text-lg leading-none font-bold text-gray-800\">Responsive Layout<\/h4><div class=\"pf_description\">\n<p style=\"text-align: justify;\">\u00a1Se ve muy bien en todos los dispositivos, desde m\u00f3viles hasta computadoras de escritorio!<\/p>\n<\/div><\/div><\/div>[\/vc_column_inner][vc_column_inner width=\u00bb1\/3&#8243;]<div class=\"product_feature prod_feature_counter_2  flex  mb-4\" ><style type=\"text\/css\" scoped=\"scoped\">.product_feature.prod_feature_counter_2 .pf_icon i {color: #ea6d00;}.product_feature.prod_feature_counter_2 .pf_content h4 {color: #444444;font-size: 16px;font-weight: ;line-height: ;margin-top: ;margin-bottom: ;}.product_feature.prod_feature_counter_2 .pf_content .pf_description {font-size: ;line-height: ;color: ;}<\/style><div class=\"pf_icon flex-none mb-6 mr-4\"><i class=\"fa fa-eye text-3xl inline-block text-center \"><\/i><\/div><div class=\"pf_content\"><h4 class=\"mb-4 text-lg leading-none font-bold text-gray-800\">Retina lista<\/h4><div class=\"pf_description\">\n<p style=\"text-align: justify;\">Optimizado para pantallas HD para que sus im\u00e1genes siempre se vean n\u00edtidas.<\/p>\n<\/div><\/div><\/div>[\/vc_column_inner][vc_column_inner width=\u00bb1\/3&#8243;]<div class=\"product_feature prod_feature_counter_3  flex  mb-4\" ><style type=\"text\/css\" scoped=\"scoped\">.product_feature.prod_feature_counter_3 .pf_icon i {color: #ea6d00;}.product_feature.prod_feature_counter_3 .pf_content h4 {color: #444444;font-size: 16px;font-weight: ;line-height: ;margin-top: ;margin-bottom: ;}.product_feature.prod_feature_counter_3 .pf_content .pf_description {font-size: ;line-height: ;color: ;}<\/style><div class=\"pf_icon flex-none mb-6 mr-4\"><i class=\"fa fa-wrench text-3xl inline-block text-center \"><\/i><\/div><div class=\"pf_content\"><h4 class=\"mb-4 text-lg leading-none font-bold text-gray-800\">Retina lista<\/h4><div class=\"pf_description\">\n<p style=\"text-align: justify;\">\u00a1Haz cientos de cambios r\u00e1pidamente usando nuestro gran panel de opciones de temas!<\/p>\n<\/div><\/div><\/div>[\/vc_column_inner][\/vc_row_inner][vc_empty_space height=\u00bb65px\u00bb][vc_row_inner][vc_column_inner width=\u00bb1\/3&#8243;]<div class=\"product_feature prod_feature_counter_4  flex  mb-4\" ><style type=\"text\/css\" scoped=\"scoped\">.product_feature.prod_feature_counter_4 .pf_icon i {color: #ea6d00;}.product_feature.prod_feature_counter_4 .pf_content h4 {color: #444444;font-size: 16px;font-weight: ;line-height: ;margin-top: ;margin-bottom: ;}.product_feature.prod_feature_counter_4 .pf_content .pf_description {font-size: ;line-height: ;color: ;}<\/style><div class=\"pf_icon flex-none mb-6 mr-4\"><i class=\"fa fa-laptop text-3xl inline-block text-center \"><\/i><\/div><div class=\"pf_content\"><h4 class=\"mb-4 text-lg leading-none font-bold text-gray-800\">Dise\u00f1o en caja<\/h4><div class=\"pf_description\">\n<p style=\"text-align: justify;\">\u00a1Elija el ancho completo o el dise\u00f1o en caja y a\u00f1ada f\u00e1cilmente un fondo personalizado!<\/p>\n<\/div><\/div><\/div>[\/vc_column_inner][vc_column_inner width=\u00bb1\/3&#8243;]<div class=\"product_feature prod_feature_counter_5  flex  mb-4\" ><style type=\"text\/css\" scoped=\"scoped\">.product_feature.prod_feature_counter_5 .pf_icon i {color: #ea6d00;}.product_feature.prod_feature_counter_5 .pf_content h4 {color: #444444;font-size: 16px;font-weight: ;line-height: ;margin-top: ;margin-bottom: ;}.product_feature.prod_feature_counter_5 .pf_content .pf_description {font-size: ;line-height: ;color: ;}<\/style><div class=\"pf_icon flex-none mb-6 mr-4\"><i class=\"fa fa-magic text-3xl inline-block text-center \"><\/i><\/div><div class=\"pf_content\"><h4 class=\"mb-4 text-lg leading-none font-bold text-gray-800\">Colores ilimitados<\/h4><div class=\"pf_description\">\n<p style=\"text-align: justify;\">\u00a1Elija cualquier combinaci\u00f3n de colores que desee utilizando nuestro selector de colores de tema!<\/p>\n<\/div><\/div><\/div>[\/vc_column_inner][vc_column_inner width=\u00bb1\/3&#8243;]<div class=\"product_feature prod_feature_counter_6  flex  mb-4\" ><style type=\"text\/css\" scoped=\"scoped\">.product_feature.prod_feature_counter_6 .pf_icon i {color: #ea6d00;}.product_feature.prod_feature_counter_6 .pf_content h4 {color: #444444;font-size: 16px;font-weight: ;line-height: ;margin-top: ;margin-bottom: ;}.product_feature.prod_feature_counter_6 .pf_content .pf_description {font-size: ;line-height: ;color: ;}<\/style><div class=\"pf_icon flex-none mb-6 mr-4\"><i class=\"fa fa-columns text-3xl inline-block text-center \"><\/i><\/div><div class=\"pf_content\"><h4 class=\"mb-4 text-lg leading-none font-bold text-gray-800\">Barras laterales ilimitadas<\/h4><div class=\"pf_description\">\n<p style=\"text-align: justify;\">Agregue barras laterales f\u00e1cilmente e incluso elija diferentes para p\u00e1ginas espec\u00edficas.<\/p>\n<\/div><\/div><\/div>[\/vc_column_inner][\/vc_row_inner][vc_empty_space height=\u00bb65px\u00bb][vc_row_inner][vc_column_inner width=\u00bb1\/3&#8243;]<div class=\"product_feature prod_feature_counter_7  flex  mb-4\" ><style type=\"text\/css\" scoped=\"scoped\">.product_feature.prod_feature_counter_7 .pf_icon i {color: #ea6d00;}.product_feature.prod_feature_counter_7 .pf_content h4 {color: #444444;font-size: 16px;font-weight: ;line-height: ;margin-top: ;margin-bottom: ;}.product_feature.prod_feature_counter_7 .pf_content .pf_description {font-size: ;line-height: ;color: ;}<\/style><div class=\"pf_icon flex-none mb-6 mr-4\"><i class=\"fa fa-check text-3xl inline-block text-center \"><\/i><\/div><div class=\"pf_content\"><h4 class=\"mb-4 text-lg leading-none font-bold text-gray-800\">10 Widgets<\/h4><div class=\"pf_description\">\n<p style=\"text-align: justify;\">\u00a1Hemos creado incre\u00edbles widgets de feeds de Flickr para etiquetar nubes y m\u00e1s!<\/p>\n<\/div><\/div><\/div>[\/vc_column_inner][vc_column_inner width=\u00bb1\/3&#8243;]<div class=\"product_feature prod_feature_counter_8  flex  mb-4\" ><style type=\"text\/css\" scoped=\"scoped\">.product_feature.prod_feature_counter_8 .pf_icon i {color: #ea6d00;}.product_feature.prod_feature_counter_8 .pf_content h4 {color: #444444;font-size: 16px;font-weight: ;line-height: ;margin-top: ;margin-bottom: ;}.product_feature.prod_feature_counter_8 .pf_content .pf_description {font-size: ;line-height: ;color: ;}<\/style><div class=\"pf_icon flex-none mb-6 mr-4\"><i class=\"fa fa-glide-g text-3xl inline-block text-center \"><\/i><\/div><div class=\"pf_content\"><h4 class=\"mb-4 text-lg leading-none font-bold text-gray-800\">+ 600 fuentes de Google<\/h4><div class=\"pf_description\">\n<p style=\"text-align: justify;\">Elige entre cientos de fuentes y agr\u00e9galas en segundos con facilidad.<\/p>\n<\/div><\/div><\/div>[\/vc_column_inner][vc_column_inner width=\u00bb1\/3&#8243;]<div class=\"product_feature prod_feature_counter_9  flex  mb-4\" ><style type=\"text\/css\" scoped=\"scoped\">.product_feature.prod_feature_counter_9 .pf_icon i {color: #ea6d00;}.product_feature.prod_feature_counter_9 .pf_content h4 {color: #444444;font-size: 16px;font-weight: ;line-height: ;margin-top: ;margin-bottom: ;}.product_feature.prod_feature_counter_9 .pf_content .pf_description {font-size: ;line-height: ;color: ;}<\/style><div class=\"pf_icon flex-none mb-6 mr-4\"><i class=\"fa fa-code text-3xl inline-block text-center \"><\/i><\/div><div class=\"pf_content\"><h4 class=\"mb-4 text-lg leading-none font-bold text-gray-800\">100+ Shortcodes<\/h4><div class=\"pf_description\">\n<p style=\"text-align: justify;\">\u00a1Haz que tu contenido se destaque con nuestra incre\u00edble selecci\u00f3n de c\u00f3digos cortos!<\/p>\n<\/div><\/div><\/div>[\/vc_column_inner][\/vc_row_inner][vc_empty_space height=\u00bb65px\u00bb][vc_row_inner][vc_column_inner width=\u00bb1\/3&#8243;]<div class=\"product_feature prod_feature_counter_10  flex  mb-4\" ><style type=\"text\/css\" scoped=\"scoped\">.product_feature.prod_feature_counter_10 .pf_icon i {color: #ea6d00;}.product_feature.prod_feature_counter_10 .pf_content h4 {color: #444444;font-size: 16px;font-weight: ;line-height: ;margin-top: ;margin-bottom: ;}.product_feature.prod_feature_counter_10 .pf_content .pf_description {font-size: ;line-height: ;color: ;}<\/style><div class=\"pf_icon flex-none mb-6 mr-4\"><i class=\"fa fa-cog text-3xl inline-block text-center \"><\/i><\/div><div class=\"pf_content\"><h4 class=\"mb-4 text-lg leading-none font-bold text-gray-800\">SEO optimizado<\/h4><div class=\"pf_description\">\n<p style=\"text-align: justify;\">\u00a1Dise\u00f1ado desde cero para ser optimizado para SEO! \u00a1De c\u00f3digo a dise\u00f1o de sitio!<\/p>\n<\/div><\/div><\/div>[\/vc_column_inner][vc_column_inner width=\u00bb1\/3&#8243;]<div class=\"product_feature prod_feature_counter_11  flex  mb-4\" ><style type=\"text\/css\" scoped=\"scoped\">.product_feature.prod_feature_counter_11 .pf_icon i {color: #ea6d00;}.product_feature.prod_feature_counter_11 .pf_content h4 {color: #444444;font-size: 16px;font-weight: ;line-height: ;margin-top: ;margin-bottom: ;}.product_feature.prod_feature_counter_11 .pf_content .pf_description {font-size: ;line-height: ;color: ;}<\/style><div class=\"pf_icon flex-none mb-6 mr-4\"><i class=\"fa fa-spinner text-3xl inline-block text-center \"><\/i><\/div><div class=\"pf_content\"><h4 class=\"mb-4 text-lg leading-none font-bold text-gray-800\">Actualizaciones regulares<\/h4><div class=\"pf_description\">\n<p style=\"text-align: justify;\">Mantenemos nuestros temas seguros y seguimos agregando nuevas y excelentes funciones.<\/p>\n<\/div><\/div><\/div>[\/vc_column_inner][vc_column_inner width=\u00bb1\/3&#8243;]<div class=\"product_feature prod_feature_counter_12  flex  mb-4\" ><style type=\"text\/css\" scoped=\"scoped\">.product_feature.prod_feature_counter_12 .pf_icon i {color: #ea6d00;}.product_feature.prod_feature_counter_12 .pf_content h4 {color: #444444;font-size: 16px;font-weight: ;line-height: ;margin-top: ;margin-bottom: ;}.product_feature.prod_feature_counter_12 .pf_content .pf_description {font-size: ;line-height: ;color: ;}<\/style><div class=\"pf_icon flex-none mb-6 mr-4\"><i class=\"fa fa-file-code-o text-3xl inline-block text-center \"><\/i><\/div><div class=\"pf_content\"><h4 class=\"mb-4 text-lg leading-none font-bold text-gray-800\">Contenido de demostraci\u00f3n<\/h4><div class=\"pf_description\">\n<p style=\"text-align: justify;\">\u00a1Incluimos el archivo XML de demostraci\u00f3n para que pueda volver a crear el sitio de demostraci\u00f3n r\u00e1pidamente!<\/p>\n<\/div><\/div><\/div>[\/vc_column_inner][\/vc_row_inner][vc_empty_space height=\u00bb65px\u00bb][\/vc_column][\/vc_row][vc_row][vc_column width=\u00bb1\/3&#8243;][\/vc_column][vc_column width=\u00bb1\/3&#8243;][vc_button title=\u00bbVer Demo\u00bb target=\u00bb_blank\u00bb style=\u00bb3d\u00bb shape=\u00bbrounded\u00bb color=\u00bbcustom_grd\u00bb grd_color_1=\u00bb#db6d00&#8243; grd_color_2=\u00bb#000000&#8243; i_align=\u00bbright_icon\u00bb icon_type=\u00bbtypicons\u00bb add_icon=\u00bbtrue\u00bb href=\u00bbhttp:\/\/demo.thinkupthemes.com\/?theme=Experon\u00bb icon_typicons=\u00bbtypcn typcn-arrow-forward-outline\u00bb][\/vc_column][vc_column width=\u00bb1\/3&#8243;][\/vc_column][\/vc_row]\n<\/div>","protected":false},"excerpt":{"rendered":"<p style=\"text-align: justify;\"><span style=\"color: #ff6600; font-size: 18pt;\">Un poderoso y moderno tema multiusos listo para eCommerce.<\/span><\/p>\n<ul style=\"list-style-type: circle;\">\n<li><span style=\"font-size: 14pt;\">Potentes opciones de tema<\/span><\/li>\n<li><span style=\"font-size: 14pt;\">Disposici\u00f3n Responsive<\/span><\/li>\n<li><span style=\"font-size: 14pt;\">Retina lista<\/span><\/li>\n<li><span style=\"font-size: 14pt;\">M\u00e1s de 600 fuentes de Google<\/span><\/li>\n<li><span style=\"font-size: 14pt;\">M\u00e1s de 100 c\u00f3digos abreviados<\/span><\/li>\n<li><span style=\"font-size: 14pt;\">Colores ilimitados<\/span><\/li>\n<li><span style=\"font-size: 14pt;\">Barras laterales ilimitadas<\/span><\/li>\n<\/ul>\n","protected":false},"featured_media":1704,"comment_status":"open","ping_status":"closed","template":"","meta":[],"product_brand":[],"product_cat":[83],"product_tag":[],"class_list":{"0":"post-1702","1":"product","2":"type-product","3":"status-publish","4":"has-post-thumbnail","6":"product_cat-diseno-web","8":"first","9":"instock","10":"sold-individually","11":"shipping-taxable","12":"purchasable","13":"product-type-variable"},"yoast_head":"<!-- This site is optimized with the Yoast SEO Premium plugin v18.0 (Yoast SEO v25.1) - https:\/\/yoast.com\/wordpress\/plugins\/seo\/ -->\n<title>Dise\u00f1o web con Plantilla Experon (Pro) - MegaShop Medell\u00edn<\/title>\n<meta name=\"robots\" content=\"index, follow, max-snippet:-1, max-image-preview:large, max-video-preview:-1\" \/>\n<link rel=\"canonical\" href=\"https:\/\/megashopmedellin.com\/sitio\/product\/diseno-web-con-plantilla-experon-pro\/\" \/>\n<meta property=\"og:locale\" content=\"es_ES\" \/>\n<meta property=\"og:type\" content=\"article\" \/>\n<meta property=\"og:title\" content=\"Dise\u00f1o web con Plantilla Experon (Pro)\" \/>\n<meta property=\"og:description\" content=\"Un poderoso y moderno tema multiusos listo para eCommerce.    Potentes opciones de tema  Disposici\u00f3n Responsive  Retina lista  M\u00e1s de 600 fuentes de Google  M\u00e1s de 100 c\u00f3digos abreviados  Colores ilimitados  Barras laterales ilimitadas\" \/>\n<meta property=\"og:url\" content=\"https:\/\/megashopmedellin.com\/sitio\/product\/diseno-web-con-plantilla-experon-pro\/\" \/>\n<meta property=\"og:site_name\" content=\"MegaShop Medell\u00edn\" \/>\n<meta property=\"article:modified_time\" content=\"2025-05-17T05:27:45+00:00\" \/>\n<meta property=\"og:image\" content=\"https:\/\/megashopmedellin.com\/sitio\/wp-content\/uploads\/2018\/08\/0.-Experon-Demo.png\" \/>\n\t<meta property=\"og:image:width\" content=\"707\" \/>\n\t<meta property=\"og:image:height\" content=\"500\" \/>\n\t<meta property=\"og:image:type\" content=\"image\/png\" \/>\n<meta name=\"twitter:card\" content=\"summary_large_image\" \/>\n<meta name=\"twitter:label1\" content=\"Tiempo de lectura\" \/>\n\t<meta name=\"twitter:data1\" content=\"4 minutos\" \/>\n<script type=\"application\/ld+json\" class=\"yoast-schema-graph\">{\"@context\":\"https:\/\/schema.org\",\"@graph\":[{\"@type\":\"WebPage\",\"@id\":\"https:\/\/megashopmedellin.com\/sitio\/product\/diseno-web-con-plantilla-experon-pro\/\",\"url\":\"https:\/\/megashopmedellin.com\/sitio\/product\/diseno-web-con-plantilla-experon-pro\/\",\"name\":\"Dise\u00f1o web con Plantilla Experon (Pro) - MegaShop Medell\u00edn\",\"isPartOf\":{\"@id\":\"https:\/\/megashopmedellin.com\/sitio\/#website\"},\"primaryImageOfPage\":{\"@id\":\"https:\/\/megashopmedellin.com\/sitio\/product\/diseno-web-con-plantilla-experon-pro\/#primaryimage\"},\"image\":{\"@id\":\"https:\/\/megashopmedellin.com\/sitio\/product\/diseno-web-con-plantilla-experon-pro\/#primaryimage\"},\"thumbnailUrl\":\"https:\/\/megashopmedellin.com\/sitio\/wp-content\/uploads\/2018\/08\/0.-Experon-Demo.png\",\"datePublished\":\"2018-08-10T02:32:09+00:00\",\"dateModified\":\"2025-05-17T05:27:45+00:00\",\"breadcrumb\":{\"@id\":\"https:\/\/megashopmedellin.com\/sitio\/product\/diseno-web-con-plantilla-experon-pro\/#breadcrumb\"},\"inLanguage\":\"es\",\"potentialAction\":[{\"@type\":\"ReadAction\",\"target\":[\"https:\/\/megashopmedellin.com\/sitio\/product\/diseno-web-con-plantilla-experon-pro\/\"]}]},{\"@type\":\"ImageObject\",\"inLanguage\":\"es\",\"@id\":\"https:\/\/megashopmedellin.com\/sitio\/product\/diseno-web-con-plantilla-experon-pro\/#primaryimage\",\"url\":\"https:\/\/megashopmedellin.com\/sitio\/wp-content\/uploads\/2018\/08\/0.-Experon-Demo.png\",\"contentUrl\":\"https:\/\/megashopmedellin.com\/sitio\/wp-content\/uploads\/2018\/08\/0.-Experon-Demo.png\",\"width\":707,\"height\":500},{\"@type\":\"BreadcrumbList\",\"@id\":\"https:\/\/megashopmedellin.com\/sitio\/product\/diseno-web-con-plantilla-experon-pro\/#breadcrumb\",\"itemListElement\":[{\"@type\":\"ListItem\",\"position\":1,\"name\":\"Portada\",\"item\":\"https:\/\/megashopmedellin.com\/sitio\/\"},{\"@type\":\"ListItem\",\"position\":2,\"name\":\"Shop\",\"item\":\"https:\/\/megashopmedellin.com\/sitio\/shop\/\"},{\"@type\":\"ListItem\",\"position\":3,\"name\":\"Dise\u00f1o web con Plantilla Experon (Pro)\"}]},{\"@type\":\"WebSite\",\"@id\":\"https:\/\/megashopmedellin.com\/sitio\/#website\",\"url\":\"https:\/\/megashopmedellin.com\/sitio\/\",\"name\":\"MegaShop Medell\u00edn\",\"description\":\"marquillas, etiquetas, estampados en medellin, transfer en medellin, sublimaci\u00f3n en medell\u00edn, busos para prom en medellin, chaquetas para prom en medellin, dotaciones empresariales medellin, chaquetas beisboleras medellin, estampaci\u00f3n textil, plastisol, vestidos, camisetas, gorras, banderas\",\"potentialAction\":[{\"@type\":\"SearchAction\",\"target\":{\"@type\":\"EntryPoint\",\"urlTemplate\":\"https:\/\/megashopmedellin.com\/sitio\/?s={search_term_string}\"},\"query-input\":{\"@type\":\"PropertyValueSpecification\",\"valueRequired\":true,\"valueName\":\"search_term_string\"}}],\"inLanguage\":\"es\"}]}<\/script>\n<!-- \/ Yoast SEO Premium plugin. -->","yoast_head_json":{"title":"Dise\u00f1o web con Plantilla Experon (Pro) - MegaShop Medell\u00edn","robots":{"index":"index","follow":"follow","max-snippet":"max-snippet:-1","max-image-preview":"max-image-preview:large","max-video-preview":"max-video-preview:-1"},"canonical":"https:\/\/megashopmedellin.com\/sitio\/product\/diseno-web-con-plantilla-experon-pro\/","og_locale":"es_ES","og_type":"article","og_title":"Dise\u00f1o web con Plantilla Experon (Pro)","og_description":"Un poderoso y moderno tema multiusos listo para eCommerce.    Potentes opciones de tema  Disposici\u00f3n Responsive  Retina lista  M\u00e1s de 600 fuentes de Google  M\u00e1s de 100 c\u00f3digos abreviados  Colores ilimitados  Barras laterales ilimitadas","og_url":"https:\/\/megashopmedellin.com\/sitio\/product\/diseno-web-con-plantilla-experon-pro\/","og_site_name":"MegaShop Medell\u00edn","article_modified_time":"2025-05-17T05:27:45+00:00","og_image":[{"width":707,"height":500,"url":"https:\/\/megashopmedellin.com\/sitio\/wp-content\/uploads\/2018\/08\/0.-Experon-Demo.png","type":"image\/png"}],"twitter_card":"summary_large_image","twitter_misc":{"Tiempo de lectura":"4 minutos"},"schema":{"@context":"https:\/\/schema.org","@graph":[{"@type":"WebPage","@id":"https:\/\/megashopmedellin.com\/sitio\/product\/diseno-web-con-plantilla-experon-pro\/","url":"https:\/\/megashopmedellin.com\/sitio\/product\/diseno-web-con-plantilla-experon-pro\/","name":"Dise\u00f1o web con Plantilla Experon (Pro) - MegaShop Medell\u00edn","isPartOf":{"@id":"https:\/\/megashopmedellin.com\/sitio\/#website"},"primaryImageOfPage":{"@id":"https:\/\/megashopmedellin.com\/sitio\/product\/diseno-web-con-plantilla-experon-pro\/#primaryimage"},"image":{"@id":"https:\/\/megashopmedellin.com\/sitio\/product\/diseno-web-con-plantilla-experon-pro\/#primaryimage"},"thumbnailUrl":"https:\/\/megashopmedellin.com\/sitio\/wp-content\/uploads\/2018\/08\/0.-Experon-Demo.png","datePublished":"2018-08-10T02:32:09+00:00","dateModified":"2025-05-17T05:27:45+00:00","breadcrumb":{"@id":"https:\/\/megashopmedellin.com\/sitio\/product\/diseno-web-con-plantilla-experon-pro\/#breadcrumb"},"inLanguage":"es","potentialAction":[{"@type":"ReadAction","target":["https:\/\/megashopmedellin.com\/sitio\/product\/diseno-web-con-plantilla-experon-pro\/"]}]},{"@type":"ImageObject","inLanguage":"es","@id":"https:\/\/megashopmedellin.com\/sitio\/product\/diseno-web-con-plantilla-experon-pro\/#primaryimage","url":"https:\/\/megashopmedellin.com\/sitio\/wp-content\/uploads\/2018\/08\/0.-Experon-Demo.png","contentUrl":"https:\/\/megashopmedellin.com\/sitio\/wp-content\/uploads\/2018\/08\/0.-Experon-Demo.png","width":707,"height":500},{"@type":"BreadcrumbList","@id":"https:\/\/megashopmedellin.com\/sitio\/product\/diseno-web-con-plantilla-experon-pro\/#breadcrumb","itemListElement":[{"@type":"ListItem","position":1,"name":"Portada","item":"https:\/\/megashopmedellin.com\/sitio\/"},{"@type":"ListItem","position":2,"name":"Shop","item":"https:\/\/megashopmedellin.com\/sitio\/shop\/"},{"@type":"ListItem","position":3,"name":"Dise\u00f1o web con Plantilla Experon (Pro)"}]},{"@type":"WebSite","@id":"https:\/\/megashopmedellin.com\/sitio\/#website","url":"https:\/\/megashopmedellin.com\/sitio\/","name":"MegaShop Medell\u00edn","description":"marquillas, etiquetas, estampados en medellin, transfer en medellin, sublimaci\u00f3n en medell\u00edn, busos para prom en medellin, chaquetas para prom en medellin, dotaciones empresariales medellin, chaquetas beisboleras medellin, estampaci\u00f3n textil, plastisol, vestidos, camisetas, gorras, banderas","potentialAction":[{"@type":"SearchAction","target":{"@type":"EntryPoint","urlTemplate":"https:\/\/megashopmedellin.com\/sitio\/?s={search_term_string}"},"query-input":{"@type":"PropertyValueSpecification","valueRequired":true,"valueName":"search_term_string"}}],"inLanguage":"es"}]}},"_links":{"self":[{"href":"https:\/\/megashopmedellin.com\/sitio\/wp-json\/wp\/v2\/product\/1702","targetHints":{"allow":["GET"]}}],"collection":[{"href":"https:\/\/megashopmedellin.com\/sitio\/wp-json\/wp\/v2\/product"}],"about":[{"href":"https:\/\/megashopmedellin.com\/sitio\/wp-json\/wp\/v2\/types\/product"}],"replies":[{"embeddable":true,"href":"https:\/\/megashopmedellin.com\/sitio\/wp-json\/wp\/v2\/comments?post=1702"}],"wp:featuredmedia":[{"embeddable":true,"href":"https:\/\/megashopmedellin.com\/sitio\/wp-json\/wp\/v2\/media\/1704"}],"wp:attachment":[{"href":"https:\/\/megashopmedellin.com\/sitio\/wp-json\/wp\/v2\/media?parent=1702"}],"wp:term":[{"taxonomy":"product_brand","embeddable":true,"href":"https:\/\/megashopmedellin.com\/sitio\/wp-json\/wp\/v2\/product_brand?post=1702"},{"taxonomy":"product_cat","embeddable":true,"href":"https:\/\/megashopmedellin.com\/sitio\/wp-json\/wp\/v2\/product_cat?post=1702"},{"taxonomy":"product_tag","embeddable":true,"href":"https:\/\/megashopmedellin.com\/sitio\/wp-json\/wp\/v2\/product_tag?post=1702"}],"curies":[{"name":"wp","href":"https:\/\/api.w.org\/{rel}","templated":true}]}}