{"id":2720,"date":"2021-02-22T15:16:29","date_gmt":"2021-02-22T15:16:29","guid":{"rendered":"https:\/\/megashopmedellin.com\/sitio\/?post_type=product&#038;p=2720"},"modified":"2024-09-04T16:05:04","modified_gmt":"2024-09-04T16:05:04","slug":"camiseta-ferrocarril-antioquia","status":"publish","type":"product","link":"https:\/\/megashopmedellin.com\/sitio\/product\/camiseta-ferrocarril-antioquia\/","title":{"rendered":"Camiseta Ferrocarril de Antioquia &#8211; Made in parce"},"content":{"rendered":"<p>Distribuidores autorizados:<br \/>\n<a href=\"#\">megashop.com.co<\/a> \/ <a href=\"https:\/\/orgullosamenteantioqueno.com\/\" target=\"_blank\" rel=\"noopener noreferrer\">www.orgullosamenteantioqueno.com<\/a><\/p>\n<p>*EL ENV\u00cdO CUESTA 12MIL (PREVIA PROGRAMACION) PARA CIUDADES PRINCIPALES Y\/O VALLE DE ABURR\u00c1<br \/>\n*EL TIEMPO DE ENTREGA ES DE 2-3 D\u00cdAS H\u00c1BILES, SI EST\u00c1S EN EL VALLE DE ABURR\u00c1, PUEDE SER EL MISMO D\u00cdA O UN DIA PARA OTRO.<\/p>\n<p>#madeinparce<\/p>\n<p>\u00aeTodos los derechos reservados por Megashop.com.co 2021<br \/>\n\u00aeAll rights reserved by Megashop.com.co 2021<\/p>\n<p>El Ferrocarril de Antioquia fue una red ferroviaria de carga y pasajeros de Colombia. Su construcci\u00f3n comenz\u00f3 en 1874 y termin\u00f3 oficialmente con su inauguraci\u00f3n en 1929. El ferrocarril uni\u00f3 la regi\u00f3n central del departamento de Antioquia, Colombia, con el r\u00edo Magdalena, situado, al oriente del centro de Antioquia, y con las provincias localizadas al sur del departamento, esto es, Caldas y el Valle del Cauca. El Ferrocarril de Antioquia sac\u00f3 a esta provincia de su hist\u00f3rico aislamiento geogr\u00e1fico con relaci\u00f3n al resto de Colombia durante varios siglos.<\/p>\n<p>Con este dise\u00f1o queremos hacer homenaje a nuestro ferrocarril, ya que fue de gran utilidad para el empuje de nuestra regi\u00f3n, tanto as\u00ed para permitirnos so\u00f1ar con el metro de Medell\u00edn.<br \/>\n<strong>Te queremos de vuelta pues!<\/strong><\/p>\n<p><a href=\"https:\/\/es.wikipedia.org\/wiki\/Ferrocarril_de_Antioquia\" target=\"_blank\" rel=\"noopener noreferrer\">M\u00e1s informaci\u00f3n&#8230; Wikipedia<\/a><\/p>\n","protected":false},"excerpt":{"rendered":"<p>Prendas de alta calidad algod\u00f3n 100% tela fria, Calcoman\u00eda ilustrada de nuestras tradiciones y una cerveza artesanal, todo por el mismo precio. Un excelente regalo para ti o un familiar.<\/p>\n<p>Elije entre Hombre o Dama<br \/>\nCamisetas Paisas, marca MADE IN PARCE, Env\u00edos a todo el pa\u00eds, Camiseta en algod\u00f3n 100% con estampaci\u00f3n digital.<br \/>\nMADE IN PARCE es una marca exclusiva de MegaShop.com.co<\/p>\n","protected":false},"featured_media":3020,"comment_status":"open","ping_status":"closed","template":"","meta":[],"product_brand":[],"product_cat":[616,277],"product_tag":[613,615,614,618,617],"class_list":{"0":"post-2720","1":"product","2":"type-product","3":"status-publish","4":"has-post-thumbnail","6":"product_cat-made-in-parce","7":"product_cat-promociones","8":"product_tag-estampacion","9":"product_tag-estampacion-textil","10":"product_tag-ferrocarril-de-antioquia","11":"product_tag-made-in-parce","12":"product_tag-madeinparce","14":"first","15":"instock","16":"shipping-taxable","17":"purchasable","18":"product-type-simple"},"yoast_head":"<!-- This site is optimized with the Yoast SEO Premium plugin v18.0 (Yoast SEO v25.1) - https:\/\/yoast.com\/wordpress\/plugins\/seo\/ -->\n<title>Camiseta Ferrocarril de Antioquia - Made in parce - MegaShop Medell\u00edn<\/title>\n<meta name=\"robots\" content=\"index, follow, max-snippet:-1, max-image-preview:large, max-video-preview:-1\" \/>\n<link rel=\"canonical\" href=\"https:\/\/megashopmedellin.com\/sitio\/product\/camiseta-ferrocarril-antioquia\/\" \/>\n<meta property=\"og:locale\" content=\"es_ES\" \/>\n<meta property=\"og:type\" content=\"article\" \/>\n<meta property=\"og:title\" content=\"Camiseta Ferrocarril de Antioquia - Made in parce\" \/>\n<meta property=\"og:description\" content=\"Prendas de alta calidad algod\u00f3n 100% tela fria, Calcoman\u00eda ilustrada de nuestras tradiciones y una cerveza artesanal, todo por el mismo precio. Un excelente regalo para ti o un familiar.  Elije entre Hombre o Dama Camisetas Paisas, marca MADE IN PARCE, Env\u00edos a todo el pa\u00eds, Camiseta en algod\u00f3n 100% con estampaci\u00f3n digital. MADE IN PARCE es una marca exclusiva de MegaShop.com.co\" \/>\n<meta property=\"og:url\" content=\"https:\/\/megashopmedellin.com\/sitio\/product\/camiseta-ferrocarril-antioquia\/\" \/>\n<meta property=\"og:site_name\" content=\"MegaShop Medell\u00edn\" \/>\n<meta property=\"article:modified_time\" content=\"2024-09-04T16:05:04+00:00\" \/>\n<meta property=\"og:image\" content=\"https:\/\/megashopmedellin.com\/sitio\/wp-content\/uploads\/2021\/02\/Camiseta-estampada-con-el-tradicional-ferrocarril-de-antioquia-megashop.com_.co_.png\" \/>\n<meta name=\"twitter:card\" content=\"summary_large_image\" \/>\n<meta name=\"twitter:label1\" content=\"Tiempo de lectura\" \/>\n\t<meta name=\"twitter:data1\" content=\"1 minuto\" \/>\n<script type=\"application\/ld+json\" class=\"yoast-schema-graph\">{\"@context\":\"https:\/\/schema.org\",\"@graph\":[{\"@type\":\"WebPage\",\"@id\":\"https:\/\/megashopmedellin.com\/sitio\/product\/camiseta-ferrocarril-antioquia\/\",\"url\":\"https:\/\/megashopmedellin.com\/sitio\/product\/camiseta-ferrocarril-antioquia\/\",\"name\":\"Camiseta Ferrocarril de Antioquia - Made in parce - MegaShop Medell\u00edn\",\"isPartOf\":{\"@id\":\"https:\/\/megashopmedellin.com\/sitio\/#website\"},\"primaryImageOfPage\":{\"@id\":\"https:\/\/megashopmedellin.com\/sitio\/product\/camiseta-ferrocarril-antioquia\/#primaryimage\"},\"image\":{\"@id\":\"https:\/\/megashopmedellin.com\/sitio\/product\/camiseta-ferrocarril-antioquia\/#primaryimage\"},\"thumbnailUrl\":\"https:\/\/megashopmedellin.com\/sitio\/wp-content\/uploads\/2021\/02\/Ferrocarril.jpg\",\"datePublished\":\"2021-02-22T15:16:29+00:00\",\"dateModified\":\"2024-09-04T16:05:04+00:00\",\"breadcrumb\":{\"@id\":\"https:\/\/megashopmedellin.com\/sitio\/product\/camiseta-ferrocarril-antioquia\/#breadcrumb\"},\"inLanguage\":\"es\",\"potentialAction\":[{\"@type\":\"ReadAction\",\"target\":[\"https:\/\/megashopmedellin.com\/sitio\/product\/camiseta-ferrocarril-antioquia\/\"]}]},{\"@type\":\"ImageObject\",\"inLanguage\":\"es\",\"@id\":\"https:\/\/megashopmedellin.com\/sitio\/product\/camiseta-ferrocarril-antioquia\/#primaryimage\",\"url\":\"https:\/\/megashopmedellin.com\/sitio\/wp-content\/uploads\/2021\/02\/Ferrocarril.jpg\",\"contentUrl\":\"https:\/\/megashopmedellin.com\/sitio\/wp-content\/uploads\/2021\/02\/Ferrocarril.jpg\",\"width\":1080,\"height\":1920,\"caption\":\"Ferrocarril de Antioquia, orgullo nacional, camiseta ferrocarril antiioquia\"},{\"@type\":\"BreadcrumbList\",\"@id\":\"https:\/\/megashopmedellin.com\/sitio\/product\/camiseta-ferrocarril-antioquia\/#breadcrumb\",\"itemListElement\":[{\"@type\":\"ListItem\",\"position\":1,\"name\":\"Portada\",\"item\":\"https:\/\/megashopmedellin.com\/sitio\/\"},{\"@type\":\"ListItem\",\"position\":2,\"name\":\"Shop\",\"item\":\"https:\/\/megashopmedellin.com\/sitio\/shop\/\"},{\"@type\":\"ListItem\",\"position\":3,\"name\":\"Camiseta Ferrocarril de Antioquia &#8211; Made in parce\"}]},{\"@type\":\"WebSite\",\"@id\":\"https:\/\/megashopmedellin.com\/sitio\/#website\",\"url\":\"https:\/\/megashopmedellin.com\/sitio\/\",\"name\":\"MegaShop Medell\u00edn\",\"description\":\"marquillas, etiquetas, estampados en medellin, transfer en medellin, sublimaci\u00f3n en medell\u00edn, busos para prom en medellin, chaquetas para prom en medellin, dotaciones empresariales medellin, chaquetas beisboleras medellin, estampaci\u00f3n textil, plastisol, vestidos, camisetas, gorras, banderas\",\"potentialAction\":[{\"@type\":\"SearchAction\",\"target\":{\"@type\":\"EntryPoint\",\"urlTemplate\":\"https:\/\/megashopmedellin.com\/sitio\/?s={search_term_string}\"},\"query-input\":{\"@type\":\"PropertyValueSpecification\",\"valueRequired\":true,\"valueName\":\"search_term_string\"}}],\"inLanguage\":\"es\"}]}<\/script>\n<!-- \/ Yoast SEO Premium plugin. -->","yoast_head_json":{"title":"Camiseta Ferrocarril de Antioquia - Made in parce - MegaShop Medell\u00edn","robots":{"index":"index","follow":"follow","max-snippet":"max-snippet:-1","max-image-preview":"max-image-preview:large","max-video-preview":"max-video-preview:-1"},"canonical":"https:\/\/megashopmedellin.com\/sitio\/product\/camiseta-ferrocarril-antioquia\/","og_locale":"es_ES","og_type":"article","og_title":"Camiseta Ferrocarril de Antioquia - Made in parce","og_description":"Prendas de alta calidad algod\u00f3n 100% tela fria, Calcoman\u00eda ilustrada de nuestras tradiciones y una cerveza artesanal, todo por el mismo precio. Un excelente regalo para ti o un familiar.  Elije entre Hombre o Dama Camisetas Paisas, marca MADE IN PARCE, Env\u00edos a todo el pa\u00eds, Camiseta en algod\u00f3n 100% con estampaci\u00f3n digital. MADE IN PARCE es una marca exclusiva de MegaShop.com.co","og_url":"https:\/\/megashopmedellin.com\/sitio\/product\/camiseta-ferrocarril-antioquia\/","og_site_name":"MegaShop Medell\u00edn","article_modified_time":"2024-09-04T16:05:04+00:00","og_image":[{"url":"https:\/\/megashopmedellin.com\/sitio\/wp-content\/uploads\/2021\/02\/Camiseta-estampada-con-el-tradicional-ferrocarril-de-antioquia-megashop.com_.co_.png","type":"","width":"","height":""}],"twitter_card":"summary_large_image","twitter_misc":{"Tiempo de lectura":"1 minuto"},"schema":{"@context":"https:\/\/schema.org","@graph":[{"@type":"WebPage","@id":"https:\/\/megashopmedellin.com\/sitio\/product\/camiseta-ferrocarril-antioquia\/","url":"https:\/\/megashopmedellin.com\/sitio\/product\/camiseta-ferrocarril-antioquia\/","name":"Camiseta Ferrocarril de Antioquia - Made in parce - MegaShop Medell\u00edn","isPartOf":{"@id":"https:\/\/megashopmedellin.com\/sitio\/#website"},"primaryImageOfPage":{"@id":"https:\/\/megashopmedellin.com\/sitio\/product\/camiseta-ferrocarril-antioquia\/#primaryimage"},"image":{"@id":"https:\/\/megashopmedellin.com\/sitio\/product\/camiseta-ferrocarril-antioquia\/#primaryimage"},"thumbnailUrl":"https:\/\/megashopmedellin.com\/sitio\/wp-content\/uploads\/2021\/02\/Ferrocarril.jpg","datePublished":"2021-02-22T15:16:29+00:00","dateModified":"2024-09-04T16:05:04+00:00","breadcrumb":{"@id":"https:\/\/megashopmedellin.com\/sitio\/product\/camiseta-ferrocarril-antioquia\/#breadcrumb"},"inLanguage":"es","potentialAction":[{"@type":"ReadAction","target":["https:\/\/megashopmedellin.com\/sitio\/product\/camiseta-ferrocarril-antioquia\/"]}]},{"@type":"ImageObject","inLanguage":"es","@id":"https:\/\/megashopmedellin.com\/sitio\/product\/camiseta-ferrocarril-antioquia\/#primaryimage","url":"https:\/\/megashopmedellin.com\/sitio\/wp-content\/uploads\/2021\/02\/Ferrocarril.jpg","contentUrl":"https:\/\/megashopmedellin.com\/sitio\/wp-content\/uploads\/2021\/02\/Ferrocarril.jpg","width":1080,"height":1920,"caption":"Ferrocarril de Antioquia, orgullo nacional, camiseta ferrocarril antiioquia"},{"@type":"BreadcrumbList","@id":"https:\/\/megashopmedellin.com\/sitio\/product\/camiseta-ferrocarril-antioquia\/#breadcrumb","itemListElement":[{"@type":"ListItem","position":1,"name":"Portada","item":"https:\/\/megashopmedellin.com\/sitio\/"},{"@type":"ListItem","position":2,"name":"Shop","item":"https:\/\/megashopmedellin.com\/sitio\/shop\/"},{"@type":"ListItem","position":3,"name":"Camiseta Ferrocarril de Antioquia &#8211; Made in parce"}]},{"@type":"WebSite","@id":"https:\/\/megashopmedellin.com\/sitio\/#website","url":"https:\/\/megashopmedellin.com\/sitio\/","name":"MegaShop Medell\u00edn","description":"marquillas, etiquetas, estampados en medellin, transfer en medellin, sublimaci\u00f3n en medell\u00edn, busos para prom en medellin, chaquetas para prom en medellin, dotaciones empresariales medellin, chaquetas beisboleras medellin, estampaci\u00f3n textil, plastisol, vestidos, camisetas, gorras, banderas","potentialAction":[{"@type":"SearchAction","target":{"@type":"EntryPoint","urlTemplate":"https:\/\/megashopmedellin.com\/sitio\/?s={search_term_string}"},"query-input":{"@type":"PropertyValueSpecification","valueRequired":true,"valueName":"search_term_string"}}],"inLanguage":"es"}]}},"_links":{"self":[{"href":"https:\/\/megashopmedellin.com\/sitio\/wp-json\/wp\/v2\/product\/2720","targetHints":{"allow":["GET"]}}],"collection":[{"href":"https:\/\/megashopmedellin.com\/sitio\/wp-json\/wp\/v2\/product"}],"about":[{"href":"https:\/\/megashopmedellin.com\/sitio\/wp-json\/wp\/v2\/types\/product"}],"replies":[{"embeddable":true,"href":"https:\/\/megashopmedellin.com\/sitio\/wp-json\/wp\/v2\/comments?post=2720"}],"wp:featuredmedia":[{"embeddable":true,"href":"https:\/\/megashopmedellin.com\/sitio\/wp-json\/wp\/v2\/media\/3020"}],"wp:attachment":[{"href":"https:\/\/megashopmedellin.com\/sitio\/wp-json\/wp\/v2\/media?parent=2720"}],"wp:term":[{"taxonomy":"product_brand","embeddable":true,"href":"https:\/\/megashopmedellin.com\/sitio\/wp-json\/wp\/v2\/product_brand?post=2720"},{"taxonomy":"product_cat","embeddable":true,"href":"https:\/\/megashopmedellin.com\/sitio\/wp-json\/wp\/v2\/product_cat?post=2720"},{"taxonomy":"product_tag","embeddable":true,"href":"https:\/\/megashopmedellin.com\/sitio\/wp-json\/wp\/v2\/product_tag?post=2720"}],"curies":[{"name":"wp","href":"https:\/\/api.w.org\/{rel}","templated":true}]}}