{"id":2726,"date":"2021-02-22T16:26:12","date_gmt":"2021-02-22T16:26:12","guid":{"rendered":"https:\/\/megashopmedellin.com\/sitio\/?post_type=product&#038;p=2726"},"modified":"2024-09-04T16:05:02","modified_gmt":"2024-09-04T16:05:02","slug":"camiseta-berraquera","status":"publish","type":"product","link":"https:\/\/megashopmedellin.com\/sitio\/product\/camiseta-berraquera\/","title":{"rendered":"Camiseta Berraquera &#8211; Made in Parce"},"content":{"rendered":"<p>*EL ENV\u00cdO CUESTA 12MIL (PREVIA PROGRAMACION) PARA CIUDADES PRINCIPALES Y\/O VALLE DE ABURR\u00c1<br \/>\n*EL TIEMPO DE ENTREGA ES DE 2-3 D\u00cdAS H\u00c1BILES, SI EST\u00c1S EN EL VALLE DE ABURR\u00c1, PUEDE SER EL MISMO D\u00cdA O UN DIA PARA OTRO.<\/p>\n<p><strong>Berraquera es lo que hay!<\/strong><br \/>\nBerraquera es lo que a los pelaos de ahora les hace falta,<br \/>\nles falta trocha, sudar caminado, jugando chucha cogida y seguida,<br \/>\nBerraquera es levantar los hijos con un salario m\u00ednimo,<br \/>\nBerraquera es madrugar a camellar sabiendo que volveremos con orgullo,<br \/>\nBerraquera es el buen ejemplo que debemos dar,<br \/>\nBerraquera es la que te hace falta!<\/p>\n<p>Distribuidores autorizados:<br \/>\nmegashop.com.co \/ www.orgullosamenteantioqueno.com<\/p>\n<p>\u00aeTodos los derechos reservados por Megashop.com.co 2021<br \/>\n\u00aeAll rights reserved by Megashop.com.co 2021<br \/>\n#madeinparce<\/p>\n","protected":false},"excerpt":{"rendered":"<p>Prendas de alta calidad algod\u00f3n 100% tela fria, Calcoman\u00eda ilustrada de nuestras tradiciones y una cerveza artesanal, todo por el mismo precio. Un excelente regalo para ti o un familiar.<\/p>\n<p>Elije entre Hombre o Dama<br \/>\nCamisetas Paisas, marca MADE IN PARCE, Env\u00edos a todo el pa\u00eds, Camiseta en algod\u00f3n 100% con estampaci\u00f3n digital.<br \/>\nMADE IN PARCE es una marca exclusiva de MegaShop.com.co<\/p>\n","protected":false},"featured_media":3014,"comment_status":"open","ping_status":"closed","template":"","meta":[],"product_brand":[],"product_cat":[616,277],"product_tag":[],"class_list":{"0":"post-2726","1":"product","2":"type-product","3":"status-publish","4":"has-post-thumbnail","6":"product_cat-made-in-parce","7":"product_cat-promociones","9":"first","10":"instock","11":"shipping-taxable","12":"purchasable","13":"product-type-simple"},"yoast_head":"<!-- This site is optimized with the Yoast SEO Premium plugin v18.0 (Yoast SEO v25.1) - https:\/\/yoast.com\/wordpress\/plugins\/seo\/ -->\n<title>Camiseta Berraquera - Made in Parce - MegaShop Medell\u00edn<\/title>\n<meta name=\"robots\" content=\"index, follow, max-snippet:-1, max-image-preview:large, max-video-preview:-1\" \/>\n<link rel=\"canonical\" href=\"https:\/\/megashopmedellin.com\/sitio\/product\/camiseta-berraquera\/\" \/>\n<meta property=\"og:locale\" content=\"es_ES\" \/>\n<meta property=\"og:type\" content=\"article\" \/>\n<meta property=\"og:title\" content=\"Camiseta Berraquera - Made in Parce\" \/>\n<meta property=\"og:description\" content=\"Prendas de alta calidad algod\u00f3n 100% tela fria, Calcoman\u00eda ilustrada de nuestras tradiciones y una cerveza artesanal, todo por el mismo precio. Un excelente regalo para ti o un familiar.  Elije entre Hombre o Dama Camisetas Paisas, marca MADE IN PARCE, Env\u00edos a todo el pa\u00eds, Camiseta en algod\u00f3n 100% con estampaci\u00f3n digital. MADE IN PARCE es una marca exclusiva de MegaShop.com.co\" \/>\n<meta property=\"og:url\" content=\"https:\/\/megashopmedellin.com\/sitio\/product\/camiseta-berraquera\/\" \/>\n<meta property=\"og:site_name\" content=\"MegaShop Medell\u00edn\" \/>\n<meta property=\"article:modified_time\" content=\"2024-09-04T16:05:02+00:00\" \/>\n<meta property=\"og:image\" content=\"https:\/\/megashopmedellin.com\/sitio\/wp-content\/uploads\/2021\/02\/Berraquera-1.jpg\" \/>\n\t<meta property=\"og:image:width\" content=\"1080\" \/>\n\t<meta property=\"og:image:height\" content=\"1920\" \/>\n\t<meta property=\"og:image:type\" content=\"image\/jpeg\" \/>\n<meta name=\"twitter:card\" content=\"summary_large_image\" \/>\n<meta name=\"twitter:label1\" content=\"Tiempo de lectura\" \/>\n\t<meta name=\"twitter:data1\" content=\"1 minuto\" \/>\n<script type=\"application\/ld+json\" class=\"yoast-schema-graph\">{\"@context\":\"https:\/\/schema.org\",\"@graph\":[{\"@type\":\"WebPage\",\"@id\":\"https:\/\/megashopmedellin.com\/sitio\/product\/camiseta-berraquera\/\",\"url\":\"https:\/\/megashopmedellin.com\/sitio\/product\/camiseta-berraquera\/\",\"name\":\"Camiseta Berraquera - Made in Parce - MegaShop Medell\u00edn\",\"isPartOf\":{\"@id\":\"https:\/\/megashopmedellin.com\/sitio\/#website\"},\"primaryImageOfPage\":{\"@id\":\"https:\/\/megashopmedellin.com\/sitio\/product\/camiseta-berraquera\/#primaryimage\"},\"image\":{\"@id\":\"https:\/\/megashopmedellin.com\/sitio\/product\/camiseta-berraquera\/#primaryimage\"},\"thumbnailUrl\":\"https:\/\/megashopmedellin.com\/sitio\/wp-content\/uploads\/2021\/02\/Berraquera-1.jpg\",\"datePublished\":\"2021-02-22T16:26:12+00:00\",\"dateModified\":\"2024-09-04T16:05:02+00:00\",\"breadcrumb\":{\"@id\":\"https:\/\/megashopmedellin.com\/sitio\/product\/camiseta-berraquera\/#breadcrumb\"},\"inLanguage\":\"es\",\"potentialAction\":[{\"@type\":\"ReadAction\",\"target\":[\"https:\/\/megashopmedellin.com\/sitio\/product\/camiseta-berraquera\/\"]}]},{\"@type\":\"ImageObject\",\"inLanguage\":\"es\",\"@id\":\"https:\/\/megashopmedellin.com\/sitio\/product\/camiseta-berraquera\/#primaryimage\",\"url\":\"https:\/\/megashopmedellin.com\/sitio\/wp-content\/uploads\/2021\/02\/Berraquera-1.jpg\",\"contentUrl\":\"https:\/\/megashopmedellin.com\/sitio\/wp-content\/uploads\/2021\/02\/Berraquera-1.jpg\",\"width\":1080,\"height\":1920,\"caption\":\"Berraquera pa\u00b4nacer en Colombia, Berraco el que d\u00eda a d\u00eda trabaja honestamente y no se le arruga a nada\"},{\"@type\":\"BreadcrumbList\",\"@id\":\"https:\/\/megashopmedellin.com\/sitio\/product\/camiseta-berraquera\/#breadcrumb\",\"itemListElement\":[{\"@type\":\"ListItem\",\"position\":1,\"name\":\"Portada\",\"item\":\"https:\/\/megashopmedellin.com\/sitio\/\"},{\"@type\":\"ListItem\",\"position\":2,\"name\":\"Shop\",\"item\":\"https:\/\/megashopmedellin.com\/sitio\/shop\/\"},{\"@type\":\"ListItem\",\"position\":3,\"name\":\"Camiseta Berraquera &#8211; Made in Parce\"}]},{\"@type\":\"WebSite\",\"@id\":\"https:\/\/megashopmedellin.com\/sitio\/#website\",\"url\":\"https:\/\/megashopmedellin.com\/sitio\/\",\"name\":\"MegaShop Medell\u00edn\",\"description\":\"marquillas, etiquetas, estampados en medellin, transfer en medellin, sublimaci\u00f3n en medell\u00edn, busos para prom en medellin, chaquetas para prom en medellin, dotaciones empresariales medellin, chaquetas beisboleras medellin, estampaci\u00f3n textil, plastisol, vestidos, camisetas, gorras, banderas\",\"potentialAction\":[{\"@type\":\"SearchAction\",\"target\":{\"@type\":\"EntryPoint\",\"urlTemplate\":\"https:\/\/megashopmedellin.com\/sitio\/?s={search_term_string}\"},\"query-input\":{\"@type\":\"PropertyValueSpecification\",\"valueRequired\":true,\"valueName\":\"search_term_string\"}}],\"inLanguage\":\"es\"}]}<\/script>\n<!-- \/ Yoast SEO Premium plugin. -->","yoast_head_json":{"title":"Camiseta Berraquera - Made in Parce - MegaShop Medell\u00edn","robots":{"index":"index","follow":"follow","max-snippet":"max-snippet:-1","max-image-preview":"max-image-preview:large","max-video-preview":"max-video-preview:-1"},"canonical":"https:\/\/megashopmedellin.com\/sitio\/product\/camiseta-berraquera\/","og_locale":"es_ES","og_type":"article","og_title":"Camiseta Berraquera - Made in Parce","og_description":"Prendas de alta calidad algod\u00f3n 100% tela fria, Calcoman\u00eda ilustrada de nuestras tradiciones y una cerveza artesanal, todo por el mismo precio. Un excelente regalo para ti o un familiar.  Elije entre Hombre o Dama Camisetas Paisas, marca MADE IN PARCE, Env\u00edos a todo el pa\u00eds, Camiseta en algod\u00f3n 100% con estampaci\u00f3n digital. MADE IN PARCE es una marca exclusiva de MegaShop.com.co","og_url":"https:\/\/megashopmedellin.com\/sitio\/product\/camiseta-berraquera\/","og_site_name":"MegaShop Medell\u00edn","article_modified_time":"2024-09-04T16:05:02+00:00","og_image":[{"width":1080,"height":1920,"url":"https:\/\/megashopmedellin.com\/sitio\/wp-content\/uploads\/2021\/02\/Berraquera-1.jpg","type":"image\/jpeg"}],"twitter_card":"summary_large_image","twitter_misc":{"Tiempo de lectura":"1 minuto"},"schema":{"@context":"https:\/\/schema.org","@graph":[{"@type":"WebPage","@id":"https:\/\/megashopmedellin.com\/sitio\/product\/camiseta-berraquera\/","url":"https:\/\/megashopmedellin.com\/sitio\/product\/camiseta-berraquera\/","name":"Camiseta Berraquera - Made in Parce - MegaShop Medell\u00edn","isPartOf":{"@id":"https:\/\/megashopmedellin.com\/sitio\/#website"},"primaryImageOfPage":{"@id":"https:\/\/megashopmedellin.com\/sitio\/product\/camiseta-berraquera\/#primaryimage"},"image":{"@id":"https:\/\/megashopmedellin.com\/sitio\/product\/camiseta-berraquera\/#primaryimage"},"thumbnailUrl":"https:\/\/megashopmedellin.com\/sitio\/wp-content\/uploads\/2021\/02\/Berraquera-1.jpg","datePublished":"2021-02-22T16:26:12+00:00","dateModified":"2024-09-04T16:05:02+00:00","breadcrumb":{"@id":"https:\/\/megashopmedellin.com\/sitio\/product\/camiseta-berraquera\/#breadcrumb"},"inLanguage":"es","potentialAction":[{"@type":"ReadAction","target":["https:\/\/megashopmedellin.com\/sitio\/product\/camiseta-berraquera\/"]}]},{"@type":"ImageObject","inLanguage":"es","@id":"https:\/\/megashopmedellin.com\/sitio\/product\/camiseta-berraquera\/#primaryimage","url":"https:\/\/megashopmedellin.com\/sitio\/wp-content\/uploads\/2021\/02\/Berraquera-1.jpg","contentUrl":"https:\/\/megashopmedellin.com\/sitio\/wp-content\/uploads\/2021\/02\/Berraquera-1.jpg","width":1080,"height":1920,"caption":"Berraquera pa\u00b4nacer en Colombia, Berraco el que d\u00eda a d\u00eda trabaja honestamente y no se le arruga a nada"},{"@type":"BreadcrumbList","@id":"https:\/\/megashopmedellin.com\/sitio\/product\/camiseta-berraquera\/#breadcrumb","itemListElement":[{"@type":"ListItem","position":1,"name":"Portada","item":"https:\/\/megashopmedellin.com\/sitio\/"},{"@type":"ListItem","position":2,"name":"Shop","item":"https:\/\/megashopmedellin.com\/sitio\/shop\/"},{"@type":"ListItem","position":3,"name":"Camiseta Berraquera &#8211; Made in Parce"}]},{"@type":"WebSite","@id":"https:\/\/megashopmedellin.com\/sitio\/#website","url":"https:\/\/megashopmedellin.com\/sitio\/","name":"MegaShop Medell\u00edn","description":"marquillas, etiquetas, estampados en medellin, transfer en medellin, sublimaci\u00f3n en medell\u00edn, busos para prom en medellin, chaquetas para prom en medellin, dotaciones empresariales medellin, chaquetas beisboleras medellin, estampaci\u00f3n textil, plastisol, vestidos, camisetas, gorras, banderas","potentialAction":[{"@type":"SearchAction","target":{"@type":"EntryPoint","urlTemplate":"https:\/\/megashopmedellin.com\/sitio\/?s={search_term_string}"},"query-input":{"@type":"PropertyValueSpecification","valueRequired":true,"valueName":"search_term_string"}}],"inLanguage":"es"}]}},"_links":{"self":[{"href":"https:\/\/megashopmedellin.com\/sitio\/wp-json\/wp\/v2\/product\/2726","targetHints":{"allow":["GET"]}}],"collection":[{"href":"https:\/\/megashopmedellin.com\/sitio\/wp-json\/wp\/v2\/product"}],"about":[{"href":"https:\/\/megashopmedellin.com\/sitio\/wp-json\/wp\/v2\/types\/product"}],"replies":[{"embeddable":true,"href":"https:\/\/megashopmedellin.com\/sitio\/wp-json\/wp\/v2\/comments?post=2726"}],"wp:featuredmedia":[{"embeddable":true,"href":"https:\/\/megashopmedellin.com\/sitio\/wp-json\/wp\/v2\/media\/3014"}],"wp:attachment":[{"href":"https:\/\/megashopmedellin.com\/sitio\/wp-json\/wp\/v2\/media?parent=2726"}],"wp:term":[{"taxonomy":"product_brand","embeddable":true,"href":"https:\/\/megashopmedellin.com\/sitio\/wp-json\/wp\/v2\/product_brand?post=2726"},{"taxonomy":"product_cat","embeddable":true,"href":"https:\/\/megashopmedellin.com\/sitio\/wp-json\/wp\/v2\/product_cat?post=2726"},{"taxonomy":"product_tag","embeddable":true,"href":"https:\/\/megashopmedellin.com\/sitio\/wp-json\/wp\/v2\/product_tag?post=2726"}],"curies":[{"name":"wp","href":"https:\/\/api.w.org\/{rel}","templated":true}]}}