{"id":2780,"date":"2021-03-01T20:00:25","date_gmt":"2021-03-01T20:00:25","guid":{"rendered":"https:\/\/megashopmedellin.com\/sitio\/?post_type=product&#038;p=2780"},"modified":"2025-03-28T04:15:56","modified_gmt":"2025-03-28T04:15:56","slug":"camiseta-contra-konami","status":"publish","type":"product","link":"https:\/\/megashopmedellin.com\/sitio\/product\/camiseta-contra-konami\/","title":{"rendered":"Camiseta Contra \/ Konami"},"content":{"rendered":"<p>Contra es un videojuego de run and gun desarrollado y publicado por Konami, lanzado originalmente como un juego de arcade el 20 de febrero de 1987.3\u200b En 1988 se lanz\u00f3 una versi\u00f3n dom\u00e9stica para Nintendo Entertainment System, junto con puertos para varios formatos de computadora.<\/p>\n<p>Que recuerdos aquellos cuando jug\u00e1bamos en las maquinitas y luego nos buscaba la mam\u00e1 para ver donde era que est\u00e1bamos!<br \/>\nESO SI ES ADRENALINA PUES!<\/p>\n<p>*EL ENV\u00cdO INCLUIDO ES PARA CIUDADES PRINCIPALES Y\/O VALLE DE ABURR\u00c1<br \/>\n*EL TIEMPO DE ENTREGA ES DE 2-3 D\u00cdAS H\u00c1BILES, SI EST\u00c1S EN EL VALLE DE ABURR\u00c1, PUEDE SER EL MISMO D\u00cdA.<\/p>\n","protected":false},"excerpt":{"rendered":"<p>MADE IN PARCE, Env\u00edos a todo el pa\u00eds, Camiseta en algod\u00f3n 90% con estampaci\u00f3n textil digital.<br \/>\nEsta prenda incluye env\u00edo a domicilio*, Calcoman\u00eda ilustrada de nuestras tradiciones y una cerveza artesanal, todo por el mismo precio. Un excelente regalo para ti o un familiar.<br \/>\nMADE IN PARCE es una marca exclusiva de MegaShop.com.co<\/p>\n<p>Distribuidores autorizados:<br \/>\nmegashop.com.co \/ www.orgullosamenteantioqueno.com<\/p>\n<p>\u00aeTodos los derechos reservados por Megashop.com.co 2021<br \/>\n\u00aeAll rights reserved by Megashop.com.co 2021<br \/>\n#madeinparce<\/p>\n","protected":false},"featured_media":2781,"comment_status":"open","ping_status":"closed","template":"","meta":[],"product_brand":[],"product_cat":[616,277],"product_tag":[655,654,615,617],"class_list":{"0":"post-2780","1":"product","2":"type-product","3":"status-publish","4":"has-post-thumbnail","6":"product_cat-made-in-parce","7":"product_cat-promociones","8":"product_tag-camisetas-al-por-mayor","9":"product_tag-contra","10":"product_tag-estampacion-textil","11":"product_tag-madeinparce","13":"first","14":"instock","15":"shipping-taxable","16":"purchasable","17":"product-type-simple"},"yoast_head":"<!-- This site is optimized with the Yoast SEO Premium plugin v18.0 (Yoast SEO v25.1) - https:\/\/yoast.com\/wordpress\/plugins\/seo\/ -->\n<title>Camiseta Contra \/ Konami - MegaShop Medell\u00edn<\/title>\n<meta name=\"robots\" content=\"index, follow, max-snippet:-1, max-image-preview:large, max-video-preview:-1\" \/>\n<link rel=\"canonical\" href=\"https:\/\/megashopmedellin.com\/sitio\/product\/camiseta-contra-konami\/\" \/>\n<meta property=\"og:locale\" content=\"es_ES\" \/>\n<meta property=\"og:type\" content=\"article\" \/>\n<meta property=\"og:title\" content=\"Camiseta Contra \/ Konami\" \/>\n<meta property=\"og:description\" content=\"MADE IN PARCE, Env\u00edos a todo el pa\u00eds, Camiseta en algod\u00f3n 90% con estampaci\u00f3n textil digital. Esta prenda incluye env\u00edo a domicilio*, Calcoman\u00eda ilustrada de nuestras tradiciones y una cerveza artesanal, todo por el mismo precio. Un excelente regalo para ti o un familiar. MADE IN PARCE es una marca exclusiva de MegaShop.com.co  Distribuidores autorizados: megashop.com.co \/ www.orgullosamenteantioqueno.com  \u00aeTodos los derechos reservados por Megashop.com.co 2021 \u00aeAll rights reserved by Megashop.com.co 2021 #madeinparce\" \/>\n<meta property=\"og:url\" content=\"https:\/\/megashopmedellin.com\/sitio\/product\/camiseta-contra-konami\/\" \/>\n<meta property=\"og:site_name\" content=\"MegaShop Medell\u00edn\" \/>\n<meta property=\"article:modified_time\" content=\"2025-03-28T04:15:56+00:00\" \/>\n<meta property=\"og:image\" content=\"https:\/\/megashopmedellin.com\/sitio\/wp-content\/uploads\/2021\/03\/Camiseta-contra-konami.jpg\" \/>\n\t<meta property=\"og:image:width\" content=\"1295\" \/>\n\t<meta property=\"og:image:height\" content=\"1476\" \/>\n\t<meta property=\"og:image:type\" content=\"image\/jpeg\" \/>\n<meta name=\"twitter:card\" content=\"summary_large_image\" \/>\n<meta name=\"twitter:label1\" content=\"Tiempo de lectura\" \/>\n\t<meta name=\"twitter:data1\" content=\"1 minuto\" \/>\n<script type=\"application\/ld+json\" class=\"yoast-schema-graph\">{\"@context\":\"https:\/\/schema.org\",\"@graph\":[{\"@type\":\"WebPage\",\"@id\":\"https:\/\/megashopmedellin.com\/sitio\/product\/camiseta-contra-konami\/\",\"url\":\"https:\/\/megashopmedellin.com\/sitio\/product\/camiseta-contra-konami\/\",\"name\":\"Camiseta Contra \/ Konami - MegaShop Medell\u00edn\",\"isPartOf\":{\"@id\":\"https:\/\/megashopmedellin.com\/sitio\/#website\"},\"primaryImageOfPage\":{\"@id\":\"https:\/\/megashopmedellin.com\/sitio\/product\/camiseta-contra-konami\/#primaryimage\"},\"image\":{\"@id\":\"https:\/\/megashopmedellin.com\/sitio\/product\/camiseta-contra-konami\/#primaryimage\"},\"thumbnailUrl\":\"https:\/\/megashopmedellin.com\/sitio\/wp-content\/uploads\/2021\/03\/Camiseta-contra-konami.jpg\",\"datePublished\":\"2021-03-01T20:00:25+00:00\",\"dateModified\":\"2025-03-28T04:15:56+00:00\",\"breadcrumb\":{\"@id\":\"https:\/\/megashopmedellin.com\/sitio\/product\/camiseta-contra-konami\/#breadcrumb\"},\"inLanguage\":\"es\",\"potentialAction\":[{\"@type\":\"ReadAction\",\"target\":[\"https:\/\/megashopmedellin.com\/sitio\/product\/camiseta-contra-konami\/\"]}]},{\"@type\":\"ImageObject\",\"inLanguage\":\"es\",\"@id\":\"https:\/\/megashopmedellin.com\/sitio\/product\/camiseta-contra-konami\/#primaryimage\",\"url\":\"https:\/\/megashopmedellin.com\/sitio\/wp-content\/uploads\/2021\/03\/Camiseta-contra-konami.jpg\",\"contentUrl\":\"https:\/\/megashopmedellin.com\/sitio\/wp-content\/uploads\/2021\/03\/Camiseta-contra-konami.jpg\",\"width\":1295,\"height\":1476},{\"@type\":\"BreadcrumbList\",\"@id\":\"https:\/\/megashopmedellin.com\/sitio\/product\/camiseta-contra-konami\/#breadcrumb\",\"itemListElement\":[{\"@type\":\"ListItem\",\"position\":1,\"name\":\"Portada\",\"item\":\"https:\/\/megashopmedellin.com\/sitio\/\"},{\"@type\":\"ListItem\",\"position\":2,\"name\":\"Shop\",\"item\":\"https:\/\/megashopmedellin.com\/sitio\/shop\/\"},{\"@type\":\"ListItem\",\"position\":3,\"name\":\"Camiseta Contra \/ Konami\"}]},{\"@type\":\"WebSite\",\"@id\":\"https:\/\/megashopmedellin.com\/sitio\/#website\",\"url\":\"https:\/\/megashopmedellin.com\/sitio\/\",\"name\":\"MegaShop Medell\u00edn\",\"description\":\"marquillas, etiquetas, estampados en medellin, transfer en medellin, sublimaci\u00f3n en medell\u00edn, busos para prom en medellin, chaquetas para prom en medellin, dotaciones empresariales medellin, chaquetas beisboleras medellin, estampaci\u00f3n textil, plastisol, vestidos, camisetas, gorras, banderas\",\"potentialAction\":[{\"@type\":\"SearchAction\",\"target\":{\"@type\":\"EntryPoint\",\"urlTemplate\":\"https:\/\/megashopmedellin.com\/sitio\/?s={search_term_string}\"},\"query-input\":{\"@type\":\"PropertyValueSpecification\",\"valueRequired\":true,\"valueName\":\"search_term_string\"}}],\"inLanguage\":\"es\"}]}<\/script>\n<!-- \/ Yoast SEO Premium plugin. -->","yoast_head_json":{"title":"Camiseta Contra \/ Konami - MegaShop Medell\u00edn","robots":{"index":"index","follow":"follow","max-snippet":"max-snippet:-1","max-image-preview":"max-image-preview:large","max-video-preview":"max-video-preview:-1"},"canonical":"https:\/\/megashopmedellin.com\/sitio\/product\/camiseta-contra-konami\/","og_locale":"es_ES","og_type":"article","og_title":"Camiseta Contra \/ Konami","og_description":"MADE IN PARCE, Env\u00edos a todo el pa\u00eds, Camiseta en algod\u00f3n 90% con estampaci\u00f3n textil digital. Esta prenda incluye env\u00edo a domicilio*, Calcoman\u00eda ilustrada de nuestras tradiciones y una cerveza artesanal, todo por el mismo precio. Un excelente regalo para ti o un familiar. MADE IN PARCE es una marca exclusiva de MegaShop.com.co  Distribuidores autorizados: megashop.com.co \/ www.orgullosamenteantioqueno.com  \u00aeTodos los derechos reservados por Megashop.com.co 2021 \u00aeAll rights reserved by Megashop.com.co 2021 #madeinparce","og_url":"https:\/\/megashopmedellin.com\/sitio\/product\/camiseta-contra-konami\/","og_site_name":"MegaShop Medell\u00edn","article_modified_time":"2025-03-28T04:15:56+00:00","og_image":[{"width":1295,"height":1476,"url":"https:\/\/megashopmedellin.com\/sitio\/wp-content\/uploads\/2021\/03\/Camiseta-contra-konami.jpg","type":"image\/jpeg"}],"twitter_card":"summary_large_image","twitter_misc":{"Tiempo de lectura":"1 minuto"},"schema":{"@context":"https:\/\/schema.org","@graph":[{"@type":"WebPage","@id":"https:\/\/megashopmedellin.com\/sitio\/product\/camiseta-contra-konami\/","url":"https:\/\/megashopmedellin.com\/sitio\/product\/camiseta-contra-konami\/","name":"Camiseta Contra \/ Konami - MegaShop Medell\u00edn","isPartOf":{"@id":"https:\/\/megashopmedellin.com\/sitio\/#website"},"primaryImageOfPage":{"@id":"https:\/\/megashopmedellin.com\/sitio\/product\/camiseta-contra-konami\/#primaryimage"},"image":{"@id":"https:\/\/megashopmedellin.com\/sitio\/product\/camiseta-contra-konami\/#primaryimage"},"thumbnailUrl":"https:\/\/megashopmedellin.com\/sitio\/wp-content\/uploads\/2021\/03\/Camiseta-contra-konami.jpg","datePublished":"2021-03-01T20:00:25+00:00","dateModified":"2025-03-28T04:15:56+00:00","breadcrumb":{"@id":"https:\/\/megashopmedellin.com\/sitio\/product\/camiseta-contra-konami\/#breadcrumb"},"inLanguage":"es","potentialAction":[{"@type":"ReadAction","target":["https:\/\/megashopmedellin.com\/sitio\/product\/camiseta-contra-konami\/"]}]},{"@type":"ImageObject","inLanguage":"es","@id":"https:\/\/megashopmedellin.com\/sitio\/product\/camiseta-contra-konami\/#primaryimage","url":"https:\/\/megashopmedellin.com\/sitio\/wp-content\/uploads\/2021\/03\/Camiseta-contra-konami.jpg","contentUrl":"https:\/\/megashopmedellin.com\/sitio\/wp-content\/uploads\/2021\/03\/Camiseta-contra-konami.jpg","width":1295,"height":1476},{"@type":"BreadcrumbList","@id":"https:\/\/megashopmedellin.com\/sitio\/product\/camiseta-contra-konami\/#breadcrumb","itemListElement":[{"@type":"ListItem","position":1,"name":"Portada","item":"https:\/\/megashopmedellin.com\/sitio\/"},{"@type":"ListItem","position":2,"name":"Shop","item":"https:\/\/megashopmedellin.com\/sitio\/shop\/"},{"@type":"ListItem","position":3,"name":"Camiseta Contra \/ Konami"}]},{"@type":"WebSite","@id":"https:\/\/megashopmedellin.com\/sitio\/#website","url":"https:\/\/megashopmedellin.com\/sitio\/","name":"MegaShop Medell\u00edn","description":"marquillas, etiquetas, estampados en medellin, transfer en medellin, sublimaci\u00f3n en medell\u00edn, busos para prom en medellin, chaquetas para prom en medellin, dotaciones empresariales medellin, chaquetas beisboleras medellin, estampaci\u00f3n textil, plastisol, vestidos, camisetas, gorras, banderas","potentialAction":[{"@type":"SearchAction","target":{"@type":"EntryPoint","urlTemplate":"https:\/\/megashopmedellin.com\/sitio\/?s={search_term_string}"},"query-input":{"@type":"PropertyValueSpecification","valueRequired":true,"valueName":"search_term_string"}}],"inLanguage":"es"}]}},"_links":{"self":[{"href":"https:\/\/megashopmedellin.com\/sitio\/wp-json\/wp\/v2\/product\/2780","targetHints":{"allow":["GET"]}}],"collection":[{"href":"https:\/\/megashopmedellin.com\/sitio\/wp-json\/wp\/v2\/product"}],"about":[{"href":"https:\/\/megashopmedellin.com\/sitio\/wp-json\/wp\/v2\/types\/product"}],"replies":[{"embeddable":true,"href":"https:\/\/megashopmedellin.com\/sitio\/wp-json\/wp\/v2\/comments?post=2780"}],"wp:featuredmedia":[{"embeddable":true,"href":"https:\/\/megashopmedellin.com\/sitio\/wp-json\/wp\/v2\/media\/2781"}],"wp:attachment":[{"href":"https:\/\/megashopmedellin.com\/sitio\/wp-json\/wp\/v2\/media?parent=2780"}],"wp:term":[{"taxonomy":"product_brand","embeddable":true,"href":"https:\/\/megashopmedellin.com\/sitio\/wp-json\/wp\/v2\/product_brand?post=2780"},{"taxonomy":"product_cat","embeddable":true,"href":"https:\/\/megashopmedellin.com\/sitio\/wp-json\/wp\/v2\/product_cat?post=2780"},{"taxonomy":"product_tag","embeddable":true,"href":"https:\/\/megashopmedellin.com\/sitio\/wp-json\/wp\/v2\/product_tag?post=2780"}],"curies":[{"name":"wp","href":"https:\/\/api.w.org\/{rel}","templated":true}]}}