{"id":3058,"date":"2023-12-13T23:13:25","date_gmt":"2023-12-13T23:13:25","guid":{"rendered":"https:\/\/megashopmedellin.com\/sitio\/product\/camiseta-paisas-copy\/"},"modified":"2024-09-04T16:04:31","modified_gmt":"2024-09-04T16:04:31","slug":"camiseta-paisas-copy","status":"publish","type":"product","link":"https:\/\/megashopmedellin.com\/sitio\/product\/camiseta-paisas-copy\/","title":{"rendered":"Camiseta Pa\u00b4Ma\u00f1ana es tarde"},"content":{"rendered":"<p>Paisas es lo que somos, lo llevamos en la sangre, pero tambi\u00e9n en la actitud, somos hechaos pa\u00b4lante, no nos achicopalamos, berracos es lo que somos y entregados a nuestras familias.<\/p>\n<p>Nuestro lema: <strong>pa\u00b4atr\u00e1s ni para coger impulso!<\/strong><br \/>\n<strong>Un verdadero Paisa, se entrega a su familia.<\/strong><\/p>\n<p>Coleccionamos tradiciones, de esas cosas que hac\u00edamos como comer cofio, salir a juniniar, elevar cometa, jugar chucha.<br \/>\nRecuerdas cuando se iba al teatro Jun\u00edn a ver pel\u00edculas con los pap\u00e1s?<br \/>\nRecuerdas cuando se iba al parque Bolivar?<br \/>\nRecuerdas los paseos con los primos y todos jugando y corriendo por el matorral?<br \/>\nCuando las t\u00edas o las abuelas hac\u00edan arepas y nos la daban con mantequilla?<br \/>\nEl quesito de antes\u2026 ten\u00eda un sabor m\u00e1gico<br \/>\nRecuerdos en camisetas.<\/p>\n<p>*EL ENV\u00cdO CUESTA 12MIL (PREVIA PROGRAMACION) PARA CIUDADES PRINCIPALES Y\/O VALLE DE ABURR\u00c1<br \/>\n*EL TIEMPO DE ENTREGA ES DE 2-3 D\u00cdAS H\u00c1BILES, SI EST\u00c1S EN EL VALLE DE ABURR\u00c1, PUEDE SER EL MISMO D\u00cdA O UN DIA PARA OTRO.<\/p>\n<p>Distribuidores autorizados:<br \/>\nmegashop.com.co \/ www.orgullosamenteantioqueno.com<br \/>\nwww.madeinparce.com<\/p>\n<p>\u00aeTodos los derechos reservados por Megashop.com.co 2021<br \/>\n\u00aeAll rights reserved by Megashop.com.co 2021<br \/>\n#madeinparce<\/p>\n","protected":false},"excerpt":{"rendered":"<p>Prendas de alta calidad algod\u00f3n 100% tela fria, Calcoman\u00eda ilustrada de nuestras tradiciones y una cerveza artesanal, todo por el mismo precio. Un excelente regalo para ti o un familiar.<\/p>\n<p>Elije entre Hombre o Dama<br \/>\nCamisetas Paisas, marca MADE IN PARCE, Env\u00edos a todo el pa\u00eds, Camiseta en algod\u00f3n 100% con estampaci\u00f3n digital.<br \/>\nMADE IN PARCE es una marca exclusiva de MegaShop.com.co<\/p>\n","protected":false},"featured_media":3060,"comment_status":"open","ping_status":"closed","template":"","meta":[],"product_brand":[],"product_cat":[616,277],"product_tag":[637,670,658,615,617,669],"class_list":{"0":"post-3058","1":"product","2":"type-product","3":"status-publish","4":"has-post-thumbnail","6":"product_cat-made-in-parce","7":"product_cat-promociones","8":"product_tag-antioqueno","9":"product_tag-berracos","10":"product_tag-camiseta-en-medellin","11":"product_tag-estampacion-textil","12":"product_tag-madeinparce","13":"product_tag-paisas","15":"first","16":"instock","17":"shipping-taxable","18":"purchasable","19":"product-type-simple"},"yoast_head":"<!-- This site is optimized with the Yoast SEO Premium plugin v18.0 (Yoast SEO v25.1) - https:\/\/yoast.com\/wordpress\/plugins\/seo\/ -->\n<title>Camiseta Pa\u00b4Ma\u00f1ana es tarde - MegaShop Medell\u00edn<\/title>\n<meta name=\"robots\" content=\"index, follow, max-snippet:-1, max-image-preview:large, max-video-preview:-1\" \/>\n<link rel=\"canonical\" href=\"https:\/\/megashopmedellin.com\/sitio\/product\/camiseta-paisas-copy\/\" \/>\n<meta property=\"og:locale\" content=\"es_ES\" \/>\n<meta property=\"og:type\" content=\"article\" \/>\n<meta property=\"og:title\" content=\"Camiseta Pa\u00b4Ma\u00f1ana es tarde\" \/>\n<meta property=\"og:description\" content=\"Prendas de alta calidad algod\u00f3n 100% tela fria, Calcoman\u00eda ilustrada de nuestras tradiciones y una cerveza artesanal, todo por el mismo precio. Un excelente regalo para ti o un familiar.  Elije entre Hombre o Dama Camisetas Paisas, marca MADE IN PARCE, Env\u00edos a todo el pa\u00eds, Camiseta en algod\u00f3n 100% con estampaci\u00f3n digital. MADE IN PARCE es una marca exclusiva de MegaShop.com.co\" \/>\n<meta property=\"og:url\" content=\"https:\/\/megashopmedellin.com\/sitio\/product\/camiseta-paisas-copy\/\" \/>\n<meta property=\"og:site_name\" content=\"MegaShop Medell\u00edn\" \/>\n<meta property=\"article:modified_time\" content=\"2024-09-04T16:04:31+00:00\" \/>\n<meta property=\"og:image\" content=\"https:\/\/megashopmedellin.com\/sitio\/wp-content\/uploads\/2023\/12\/Camiseta-pa-manana-es-tarde-made-in-parce-medellin-colombia.jpeg\" \/>\n\t<meta property=\"og:image:width\" content=\"900\" \/>\n\t<meta property=\"og:image:height\" content=\"1600\" \/>\n\t<meta property=\"og:image:type\" content=\"image\/jpeg\" \/>\n<meta name=\"twitter:card\" content=\"summary_large_image\" \/>\n<meta name=\"twitter:label1\" content=\"Tiempo de lectura\" \/>\n\t<meta name=\"twitter:data1\" content=\"1 minuto\" \/>\n<script type=\"application\/ld+json\" class=\"yoast-schema-graph\">{\"@context\":\"https:\/\/schema.org\",\"@graph\":[{\"@type\":\"WebPage\",\"@id\":\"https:\/\/megashopmedellin.com\/sitio\/product\/camiseta-paisas-copy\/\",\"url\":\"https:\/\/megashopmedellin.com\/sitio\/product\/camiseta-paisas-copy\/\",\"name\":\"Camiseta Pa\u00b4Ma\u00f1ana es tarde - MegaShop Medell\u00edn\",\"isPartOf\":{\"@id\":\"https:\/\/megashopmedellin.com\/sitio\/#website\"},\"primaryImageOfPage\":{\"@id\":\"https:\/\/megashopmedellin.com\/sitio\/product\/camiseta-paisas-copy\/#primaryimage\"},\"image\":{\"@id\":\"https:\/\/megashopmedellin.com\/sitio\/product\/camiseta-paisas-copy\/#primaryimage\"},\"thumbnailUrl\":\"https:\/\/megashopmedellin.com\/sitio\/wp-content\/uploads\/2023\/12\/Camiseta-pa-manana-es-tarde-made-in-parce-medellin-colombia.jpeg\",\"datePublished\":\"2023-12-13T23:13:25+00:00\",\"dateModified\":\"2024-09-04T16:04:31+00:00\",\"breadcrumb\":{\"@id\":\"https:\/\/megashopmedellin.com\/sitio\/product\/camiseta-paisas-copy\/#breadcrumb\"},\"inLanguage\":\"es\",\"potentialAction\":[{\"@type\":\"ReadAction\",\"target\":[\"https:\/\/megashopmedellin.com\/sitio\/product\/camiseta-paisas-copy\/\"]}]},{\"@type\":\"ImageObject\",\"inLanguage\":\"es\",\"@id\":\"https:\/\/megashopmedellin.com\/sitio\/product\/camiseta-paisas-copy\/#primaryimage\",\"url\":\"https:\/\/megashopmedellin.com\/sitio\/wp-content\/uploads\/2023\/12\/Camiseta-pa-manana-es-tarde-made-in-parce-medellin-colombia.jpeg\",\"contentUrl\":\"https:\/\/megashopmedellin.com\/sitio\/wp-content\/uploads\/2023\/12\/Camiseta-pa-manana-es-tarde-made-in-parce-medellin-colombia.jpeg\",\"width\":900,\"height\":1600,\"caption\":\"Camiseta pa ma\u00f1ana es tarde, made in parce, medell\u00edn colombia\"},{\"@type\":\"BreadcrumbList\",\"@id\":\"https:\/\/megashopmedellin.com\/sitio\/product\/camiseta-paisas-copy\/#breadcrumb\",\"itemListElement\":[{\"@type\":\"ListItem\",\"position\":1,\"name\":\"Portada\",\"item\":\"https:\/\/megashopmedellin.com\/sitio\/\"},{\"@type\":\"ListItem\",\"position\":2,\"name\":\"Shop\",\"item\":\"https:\/\/megashopmedellin.com\/sitio\/shop\/\"},{\"@type\":\"ListItem\",\"position\":3,\"name\":\"Camiseta Pa\u00b4Ma\u00f1ana es tarde\"}]},{\"@type\":\"WebSite\",\"@id\":\"https:\/\/megashopmedellin.com\/sitio\/#website\",\"url\":\"https:\/\/megashopmedellin.com\/sitio\/\",\"name\":\"MegaShop Medell\u00edn\",\"description\":\"marquillas, etiquetas, estampados en medellin, transfer en medellin, sublimaci\u00f3n en medell\u00edn, busos para prom en medellin, chaquetas para prom en medellin, dotaciones empresariales medellin, chaquetas beisboleras medellin, estampaci\u00f3n textil, plastisol, vestidos, camisetas, gorras, banderas\",\"potentialAction\":[{\"@type\":\"SearchAction\",\"target\":{\"@type\":\"EntryPoint\",\"urlTemplate\":\"https:\/\/megashopmedellin.com\/sitio\/?s={search_term_string}\"},\"query-input\":{\"@type\":\"PropertyValueSpecification\",\"valueRequired\":true,\"valueName\":\"search_term_string\"}}],\"inLanguage\":\"es\"}]}<\/script>\n<!-- \/ Yoast SEO Premium plugin. -->","yoast_head_json":{"title":"Camiseta Pa\u00b4Ma\u00f1ana es tarde - MegaShop Medell\u00edn","robots":{"index":"index","follow":"follow","max-snippet":"max-snippet:-1","max-image-preview":"max-image-preview:large","max-video-preview":"max-video-preview:-1"},"canonical":"https:\/\/megashopmedellin.com\/sitio\/product\/camiseta-paisas-copy\/","og_locale":"es_ES","og_type":"article","og_title":"Camiseta Pa\u00b4Ma\u00f1ana es tarde","og_description":"Prendas de alta calidad algod\u00f3n 100% tela fria, Calcoman\u00eda ilustrada de nuestras tradiciones y una cerveza artesanal, todo por el mismo precio. Un excelente regalo para ti o un familiar.  Elije entre Hombre o Dama Camisetas Paisas, marca MADE IN PARCE, Env\u00edos a todo el pa\u00eds, Camiseta en algod\u00f3n 100% con estampaci\u00f3n digital. MADE IN PARCE es una marca exclusiva de MegaShop.com.co","og_url":"https:\/\/megashopmedellin.com\/sitio\/product\/camiseta-paisas-copy\/","og_site_name":"MegaShop Medell\u00edn","article_modified_time":"2024-09-04T16:04:31+00:00","og_image":[{"width":900,"height":1600,"url":"https:\/\/megashopmedellin.com\/sitio\/wp-content\/uploads\/2023\/12\/Camiseta-pa-manana-es-tarde-made-in-parce-medellin-colombia.jpeg","type":"image\/jpeg"}],"twitter_card":"summary_large_image","twitter_misc":{"Tiempo de lectura":"1 minuto"},"schema":{"@context":"https:\/\/schema.org","@graph":[{"@type":"WebPage","@id":"https:\/\/megashopmedellin.com\/sitio\/product\/camiseta-paisas-copy\/","url":"https:\/\/megashopmedellin.com\/sitio\/product\/camiseta-paisas-copy\/","name":"Camiseta Pa\u00b4Ma\u00f1ana es tarde - MegaShop Medell\u00edn","isPartOf":{"@id":"https:\/\/megashopmedellin.com\/sitio\/#website"},"primaryImageOfPage":{"@id":"https:\/\/megashopmedellin.com\/sitio\/product\/camiseta-paisas-copy\/#primaryimage"},"image":{"@id":"https:\/\/megashopmedellin.com\/sitio\/product\/camiseta-paisas-copy\/#primaryimage"},"thumbnailUrl":"https:\/\/megashopmedellin.com\/sitio\/wp-content\/uploads\/2023\/12\/Camiseta-pa-manana-es-tarde-made-in-parce-medellin-colombia.jpeg","datePublished":"2023-12-13T23:13:25+00:00","dateModified":"2024-09-04T16:04:31+00:00","breadcrumb":{"@id":"https:\/\/megashopmedellin.com\/sitio\/product\/camiseta-paisas-copy\/#breadcrumb"},"inLanguage":"es","potentialAction":[{"@type":"ReadAction","target":["https:\/\/megashopmedellin.com\/sitio\/product\/camiseta-paisas-copy\/"]}]},{"@type":"ImageObject","inLanguage":"es","@id":"https:\/\/megashopmedellin.com\/sitio\/product\/camiseta-paisas-copy\/#primaryimage","url":"https:\/\/megashopmedellin.com\/sitio\/wp-content\/uploads\/2023\/12\/Camiseta-pa-manana-es-tarde-made-in-parce-medellin-colombia.jpeg","contentUrl":"https:\/\/megashopmedellin.com\/sitio\/wp-content\/uploads\/2023\/12\/Camiseta-pa-manana-es-tarde-made-in-parce-medellin-colombia.jpeg","width":900,"height":1600,"caption":"Camiseta pa ma\u00f1ana es tarde, made in parce, medell\u00edn colombia"},{"@type":"BreadcrumbList","@id":"https:\/\/megashopmedellin.com\/sitio\/product\/camiseta-paisas-copy\/#breadcrumb","itemListElement":[{"@type":"ListItem","position":1,"name":"Portada","item":"https:\/\/megashopmedellin.com\/sitio\/"},{"@type":"ListItem","position":2,"name":"Shop","item":"https:\/\/megashopmedellin.com\/sitio\/shop\/"},{"@type":"ListItem","position":3,"name":"Camiseta Pa\u00b4Ma\u00f1ana es tarde"}]},{"@type":"WebSite","@id":"https:\/\/megashopmedellin.com\/sitio\/#website","url":"https:\/\/megashopmedellin.com\/sitio\/","name":"MegaShop Medell\u00edn","description":"marquillas, etiquetas, estampados en medellin, transfer en medellin, sublimaci\u00f3n en medell\u00edn, busos para prom en medellin, chaquetas para prom en medellin, dotaciones empresariales medellin, chaquetas beisboleras medellin, estampaci\u00f3n textil, plastisol, vestidos, camisetas, gorras, banderas","potentialAction":[{"@type":"SearchAction","target":{"@type":"EntryPoint","urlTemplate":"https:\/\/megashopmedellin.com\/sitio\/?s={search_term_string}"},"query-input":{"@type":"PropertyValueSpecification","valueRequired":true,"valueName":"search_term_string"}}],"inLanguage":"es"}]}},"_links":{"self":[{"href":"https:\/\/megashopmedellin.com\/sitio\/wp-json\/wp\/v2\/product\/3058","targetHints":{"allow":["GET"]}}],"collection":[{"href":"https:\/\/megashopmedellin.com\/sitio\/wp-json\/wp\/v2\/product"}],"about":[{"href":"https:\/\/megashopmedellin.com\/sitio\/wp-json\/wp\/v2\/types\/product"}],"replies":[{"embeddable":true,"href":"https:\/\/megashopmedellin.com\/sitio\/wp-json\/wp\/v2\/comments?post=3058"}],"wp:featuredmedia":[{"embeddable":true,"href":"https:\/\/megashopmedellin.com\/sitio\/wp-json\/wp\/v2\/media\/3060"}],"wp:attachment":[{"href":"https:\/\/megashopmedellin.com\/sitio\/wp-json\/wp\/v2\/media?parent=3058"}],"wp:term":[{"taxonomy":"product_brand","embeddable":true,"href":"https:\/\/megashopmedellin.com\/sitio\/wp-json\/wp\/v2\/product_brand?post=3058"},{"taxonomy":"product_cat","embeddable":true,"href":"https:\/\/megashopmedellin.com\/sitio\/wp-json\/wp\/v2\/product_cat?post=3058"},{"taxonomy":"product_tag","embeddable":true,"href":"https:\/\/megashopmedellin.com\/sitio\/wp-json\/wp\/v2\/product_tag?post=3058"}],"curies":[{"name":"wp","href":"https:\/\/api.w.org\/{rel}","templated":true}]}}